{"id":96,"date":"2022-02-03T10:37:31","date_gmt":"2022-02-03T15:37:31","guid":{"rendered":"http:\/\/siarapurimac.codigoydatos.com\/?page_id=96"},"modified":"2024-01-15T00:46:40","modified_gmt":"2024-01-15T05:46:40","slug":"acerca-de","status":"publish","type":"page","link":"https:\/\/sial.minam.gob.pe\/rioja\/acerca-de\/","title":{"rendered":"Acerca de"},"content":{"rendered":"\t\t<div data-elementor-type=\"wp-page\" data-elementor-id=\"96\" class=\"elementor elementor-96\" data-elementor-settings=\"[]\">\n\t\t\t\t\t\t\t<div class=\"elementor-section-wrap\">\n\t\t\t\t\t\t\t<section class=\"elementor-section elementor-top-section elementor-element elementor-element-1426a7f elementor-section-height-min-height elementor-section-boxed elementor-section-height-default elementor-section-items-middle\" data-id=\"1426a7f\" data-element_type=\"section\" data-settings=\"{&quot;background_background&quot;:&quot;classic&quot;}\">\n\t\t\t\t\t\t\t<div class=\"elementor-background-overlay\"><\/div>\n\t\t\t\t\t\t\t<div class=\"elementor-container elementor-column-gap-default\">\n\t\t\t\t\t<div class=\"elementor-column elementor-col-100 elementor-top-column elementor-element elementor-element-f3fd25d\" data-id=\"f3fd25d\" data-element_type=\"column\" data-settings=\"{&quot;background_background&quot;:&quot;classic&quot;}\">\n\t\t\t<div class=\"elementor-widget-wrap elementor-element-populated\">\n\t\t\t\t\t\t\t\t<div class=\"elementor-element elementor-element-4edf52e elementor-widget elementor-widget-heading\" data-id=\"4edf52e\" data-element_type=\"widget\" data-widget_type=\"heading.default\">\n\t\t\t\t<div class=\"elementor-widget-container\">\n\t\t\t<p class=\"elementor-heading-title elementor-size-default\"><a href=\"https:\/\/sial.minam.gob.pe\/rioja\/\">Inicio<\/a><\/p>\t\t<\/div>\n\t\t\t\t<\/div>\n\t\t\t\t\t<\/div>\n\t\t<\/div>\n\t\t\t\t\t\t\t<\/div>\n\t\t<\/section>\n\t\t\t\t<section class=\"elementor-section elementor-top-section elementor-element elementor-element-3c21ed2 elementor-section-boxed elementor-section-height-default elementor-section-height-default\" data-id=\"3c21ed2\" data-element_type=\"section\">\n\t\t\t\t\t\t<div class=\"elementor-container elementor-column-gap-default\">\n\t\t\t\t\t<div class=\"elementor-column elementor-col-100 elementor-top-column elementor-element elementor-element-1431b2d\" data-id=\"1431b2d\" data-element_type=\"column\">\n\t\t\t<div class=\"elementor-widget-wrap elementor-element-populated\">\n\t\t\t\t\t\t\t\t<div class=\"elementor-element elementor-element-05b91de elementor-widget elementor-widget-spacer\" data-id=\"05b91de\" data-element_type=\"widget\" data-widget_type=\"spacer.default\">\n\t\t\t\t<div class=\"elementor-widget-container\">\n\t\t\t\t\t<div class=\"elementor-spacer\">\n\t\t\t<div class=\"elementor-spacer-inner\"><\/div>\n\t\t<\/div>\n\t\t\t\t<\/div>\n\t\t\t\t<\/div>\n\t\t\t\t<div class=\"elementor-element elementor-element-e731122 elementor-widget elementor-widget-heading\" data-id=\"e731122\" data-element_type=\"widget\" data-widget_type=\"heading.default\">\n\t\t\t\t<div class=\"elementor-widget-container\">\n\t\t\t<h2 class=\"elementor-heading-title elementor-size-default\">Acerca del SIAL<\/h2>\t\t<\/div>\n\t\t\t\t<\/div>\n\t\t\t\t<section class=\"elementor-section elementor-inner-section elementor-element elementor-element-ab5620c elementor-section-boxed elementor-section-height-default elementor-section-height-default\" data-id=\"ab5620c\" data-element_type=\"section\">\n\t\t\t\t\t\t<div class=\"elementor-container elementor-column-gap-default\">\n\t\t\t\t\t<div class=\"elementor-column elementor-col-50 elementor-inner-column elementor-element elementor-element-b63322d\" data-id=\"b63322d\" data-element_type=\"column\">\n\t\t\t<div class=\"elementor-widget-wrap elementor-element-populated\">\n\t\t\t\t\t\t\t\t<div class=\"elementor-element elementor-element-8804bbf elementor-widget elementor-widget-text-editor\" data-id=\"8804bbf\" data-element_type=\"widget\" data-widget_type=\"text-editor.default\">\n\t\t\t\t<div class=\"elementor-widget-container\">\n\t\t\t\t\t\t\t<p>El Sistema de Informaci\u00f3n Ambiental Local (SIAL) se desarrolla con la finalidad de servir como herramienta de apoyo a la implementaci\u00f3n del Sistema Nacional de Gesti\u00f3n Ambiental y es parte conformante del Sistema Nacional de Informaci\u00f3n Ambiental. El proceso de coordinaci\u00f3n para la implementaci\u00f3n\u00a0 de los SIAL\u2019s a nivel nacional recae en la Direcci\u00f3n de Informaci\u00f3n, Investigaci\u00f3n e Innovaci\u00f3n Ambiental del Vice ministerio de Gesti\u00f3n Ambiental, quienes ejecutan sus funciones en virtud a aquellas asignadas al Ministerio del Ambiente en el Articulo de 5\u00aa de su ley de creaci\u00f3n que establece que es funci\u00f3n compartida del MINAM \u201cPrestar apoyo t\u00e9cnico a los Gobiernos Regionales y Locales para el adecuado cumplimiento de las funciones ambientales descentralizadas\u201d.<\/p>\t\t\t\t\t\t<\/div>\n\t\t\t\t<\/div>\n\t\t\t\t\t<\/div>\n\t\t<\/div>\n\t\t\t\t<div class=\"elementor-column elementor-col-50 elementor-inner-column elementor-element elementor-element-35f134d\" data-id=\"35f134d\" data-element_type=\"column\">\n\t\t\t<div class=\"elementor-widget-wrap elementor-element-populated\">\n\t\t\t\t\t\t\t\t<div class=\"elementor-element elementor-element-3e80348 elementor-widget elementor-widget-image\" data-id=\"3e80348\" data-element_type=\"widget\" data-widget_type=\"image.default\">\n\t\t\t\t<div class=\"elementor-widget-container\">\n\t\t\t\t\t\t\t\t\t\t\t\t\t\t\t<img width=\"846\" height=\"337\" src=\"https:\/\/sial.minam.gob.pe\/rioja\/wp-content\/uploads\/2023\/09\/logo-SIAL1.png\" class=\"attachment-full size-full\" alt=\"\" loading=\"lazy\" srcset=\"https:\/\/sial.minam.gob.pe\/rioja\/wp-content\/uploads\/2023\/09\/logo-SIAL1.png 846w, https:\/\/sial.minam.gob.pe\/rioja\/wp-content\/uploads\/2023\/09\/logo-SIAL1-300x120.png 300w, https:\/\/sial.minam.gob.pe\/rioja\/wp-content\/uploads\/2023\/09\/logo-SIAL1-768x306.png 768w\" sizes=\"(max-width: 846px) 100vw, 846px\" \/>\t\t\t\t\t\t\t\t\t\t\t\t\t\t\t<\/div>\n\t\t\t\t<\/div>\n\t\t\t\t\t<\/div>\n\t\t<\/div>\n\t\t\t\t\t\t\t<\/div>\n\t\t<\/section>\n\t\t\t\t\t<\/div>\n\t\t<\/div>\n\t\t\t\t\t\t\t<\/div>\n\t\t<\/section>\n\t\t\t\t<section class=\"elementor-section elementor-top-section elementor-element elementor-element-21799d4 elementor-section-boxed elementor-section-height-default elementor-section-height-default\" data-id=\"21799d4\" data-element_type=\"section\" data-settings=\"{&quot;background_background&quot;:&quot;classic&quot;}\">\n\t\t\t\t\t\t<div class=\"elementor-container elementor-column-gap-default\">\n\t\t\t\t\t<div class=\"elementor-column elementor-col-100 elementor-top-column elementor-element elementor-element-d670d66\" data-id=\"d670d66\" data-element_type=\"column\">\n\t\t\t<div class=\"elementor-widget-wrap elementor-element-populated\">\n\t\t\t\t\t\t\t\t<div class=\"elementor-element elementor-element-dc9ad28 elementor-widget elementor-widget-spacer\" data-id=\"dc9ad28\" data-element_type=\"widget\" data-widget_type=\"spacer.default\">\n\t\t\t\t<div class=\"elementor-widget-container\">\n\t\t\t\t\t<div class=\"elementor-spacer\">\n\t\t\t<div class=\"elementor-spacer-inner\"><\/div>\n\t\t<\/div>\n\t\t\t\t<\/div>\n\t\t\t\t<\/div>\n\t\t\t\t<div class=\"elementor-element elementor-element-b148754 elementor-widget elementor-widget-heading\" data-id=\"b148754\" data-element_type=\"widget\" data-widget_type=\"heading.default\">\n\t\t\t\t<div class=\"elementor-widget-container\">\n\t\t\t<h2 class=\"elementor-heading-title elementor-size-default\">Servicios del SIAL<\/h2>\t\t<\/div>\n\t\t\t\t<\/div>\n\t\t\t\t<section class=\"elementor-section elementor-inner-section elementor-element elementor-element-a13c5bd elementor-section-boxed elementor-section-height-default elementor-section-height-default\" data-id=\"a13c5bd\" data-element_type=\"section\">\n\t\t\t\t\t\t<div class=\"elementor-container elementor-column-gap-default\">\n\t\t\t\t\t<div class=\"elementor-column elementor-col-25 elementor-inner-column elementor-element elementor-element-32c3287\" data-id=\"32c3287\" data-element_type=\"column\">\n\t\t\t<div class=\"elementor-widget-wrap elementor-element-populated\">\n\t\t\t\t\t\t\t\t<div class=\"elementor-element elementor-element-18595d4 elementor-view-stacked elementor-shape-circle elementor-position-top elementor-vertical-align-top elementor-widget elementor-widget-icon-box\" data-id=\"18595d4\" data-element_type=\"widget\" data-widget_type=\"icon-box.default\">\n\t\t\t\t<div class=\"elementor-widget-container\">\n\t\t\t\t\t<div class=\"elementor-icon-box-wrapper\">\n\t\t\t\t\t\t<div class=\"elementor-icon-box-icon\">\n\t\t\t\t<a class=\"elementor-icon elementor-animation-grow\" href=\"https:\/\/sial.minam.gob.pe\/rioja\/?s&#038;content_type=documentos\">\n\t\t\t\t<i aria-hidden=\"true\" class=\"fas fa-book-reader\"><\/i>\t\t\t\t<\/a>\n\t\t\t<\/div>\n\t\t\t\t\t\t<div class=\"elementor-icon-box-content\">\n\t\t\t\t<h3 class=\"elementor-icon-box-title\">\n\t\t\t\t\t<a href=\"https:\/\/sial.minam.gob.pe\/rioja\/?s&#038;content_type=documentos\" >\n\t\t\t\t\t\tPublicaciones\t\t\t\t\t<\/a>\n\t\t\t\t<\/h3>\n\t\t\t\t\t\t\t\t\t<p class=\"elementor-icon-box-description\">\n\t\t\t\t\t\tAcceso a material bibliogr\u00e1fico y hemerogr\u00e1fico en temas ambientales como libros, revistas, gu\u00edas, manuales e investigaciones.\t\t\t\t\t<\/p>\n\t\t\t\t\t\t\t<\/div>\n\t\t<\/div>\n\t\t\t\t<\/div>\n\t\t\t\t<\/div>\n\t\t\t\t\t<\/div>\n\t\t<\/div>\n\t\t\t\t<div class=\"elementor-column elementor-col-25 elementor-inner-column elementor-element elementor-element-47d6359\" data-id=\"47d6359\" data-element_type=\"column\">\n\t\t\t<div class=\"elementor-widget-wrap elementor-element-populated\">\n\t\t\t\t\t\t\t\t<div class=\"elementor-element elementor-element-ff0dd74 elementor-view-stacked elementor-shape-circle elementor-position-top elementor-vertical-align-top elementor-widget elementor-widget-icon-box\" data-id=\"ff0dd74\" data-element_type=\"widget\" data-widget_type=\"icon-box.default\">\n\t\t\t\t<div class=\"elementor-widget-container\">\n\t\t\t\t\t<div class=\"elementor-icon-box-wrapper\">\n\t\t\t\t\t\t<div class=\"elementor-icon-box-icon\">\n\t\t\t\t<a class=\"elementor-icon elementor-animation-grow\" href=\"https:\/\/sial.minam.gob.pe\/rioja\/?s&#038;content_type=normatividad\">\n\t\t\t\t<i aria-hidden=\"true\" class=\"fas fa-balance-scale-right\"><\/i>\t\t\t\t<\/a>\n\t\t\t<\/div>\n\t\t\t\t\t\t<div class=\"elementor-icon-box-content\">\n\t\t\t\t<h3 class=\"elementor-icon-box-title\">\n\t\t\t\t\t<a href=\"https:\/\/sial.minam.gob.pe\/rioja\/?s&#038;content_type=normatividad\" >\n\t\t\t\t\t\tNormatividad\t\t\t\t\t<\/a>\n\t\t\t\t<\/h3>\n\t\t\t\t\t\t\t\t\t<p class=\"elementor-icon-box-description\">\n\t\t\t\t\t\tAcceso a dispositivos legales como leyes, ordenanzas, resoluciones y otros instrumentos normativos de inter\u00e9s.\t\t\t\t\t<\/p>\n\t\t\t\t\t\t\t<\/div>\n\t\t<\/div>\n\t\t\t\t<\/div>\n\t\t\t\t<\/div>\n\t\t\t\t\t<\/div>\n\t\t<\/div>\n\t\t\t\t<div class=\"elementor-column elementor-col-25 elementor-inner-column elementor-element elementor-element-da694b8\" data-id=\"da694b8\" data-element_type=\"column\">\n\t\t\t<div class=\"elementor-widget-wrap elementor-element-populated\">\n\t\t\t\t\t\t\t\t<div class=\"elementor-element elementor-element-8c12356 elementor-view-stacked elementor-shape-circle elementor-position-top elementor-vertical-align-top elementor-widget elementor-widget-icon-box\" data-id=\"8c12356\" data-element_type=\"widget\" data-widget_type=\"icon-box.default\">\n\t\t\t\t<div class=\"elementor-widget-container\">\n\t\t\t\t\t<div class=\"elementor-icon-box-wrapper\">\n\t\t\t\t\t\t<div class=\"elementor-icon-box-icon\">\n\t\t\t\t<a class=\"elementor-icon elementor-animation-grow\" href=\"https:\/\/sial.minam.gob.pe\/rioja\/estadisticas-regionales\/\">\n\t\t\t\t<i aria-hidden=\"true\" class=\"fas fa-chart-pie\"><\/i>\t\t\t\t<\/a>\n\t\t\t<\/div>\n\t\t\t\t\t\t<div class=\"elementor-icon-box-content\">\n\t\t\t\t<h3 class=\"elementor-icon-box-title\">\n\t\t\t\t\t<a href=\"https:\/\/sial.minam.gob.pe\/rioja\/estadisticas-regionales\/\" >\n\t\t\t\t\t\tEstad\u00edsticas\t\t\t\t\t<\/a>\n\t\t\t\t<\/h3>\n\t\t\t\t\t\t\t\t\t<p class=\"elementor-icon-box-description\">\n\t\t\t\t\t\tConsulta y descarga de datos e informaci\u00f3n estad\u00edstica sobre los principales componentes ambientales.\t\t\t\t\t<\/p>\n\t\t\t\t\t\t\t<\/div>\n\t\t<\/div>\n\t\t\t\t<\/div>\n\t\t\t\t<\/div>\n\t\t\t\t\t<\/div>\n\t\t<\/div>\n\t\t\t\t<div class=\"elementor-column elementor-col-25 elementor-inner-column elementor-element elementor-element-30066bd\" data-id=\"30066bd\" data-element_type=\"column\">\n\t\t\t<div class=\"elementor-widget-wrap elementor-element-populated\">\n\t\t\t\t\t\t\t\t<div class=\"elementor-element elementor-element-785cb90 elementor-view-stacked elementor-shape-circle elementor-position-top elementor-vertical-align-top elementor-widget elementor-widget-icon-box\" data-id=\"785cb90\" data-element_type=\"widget\" data-widget_type=\"icon-box.default\">\n\t\t\t\t<div class=\"elementor-widget-container\">\n\t\t\t\t\t<div class=\"elementor-icon-box-wrapper\">\n\t\t\t\t\t\t<div class=\"elementor-icon-box-icon\">\n\t\t\t\t<a class=\"elementor-icon elementor-animation-grow\" href=\"https:\/\/sial.minam.gob.pe\/rioja\/?s&#038;content_type=mapas\">\n\t\t\t\t<i aria-hidden=\"true\" class=\"fas fa-map-marked-alt\"><\/i>\t\t\t\t<\/a>\n\t\t\t<\/div>\n\t\t\t\t\t\t<div class=\"elementor-icon-box-content\">\n\t\t\t\t<h3 class=\"elementor-icon-box-title\">\n\t\t\t\t\t<a href=\"https:\/\/sial.minam.gob.pe\/rioja\/?s&#038;content_type=mapas\" >\n\t\t\t\t\t\tMapas\t\t\t\t\t<\/a>\n\t\t\t\t<\/h3>\n\t\t\t\t\t\t\t\t\t<p class=\"elementor-icon-box-description\">\n\t\t\t\t\t\tAcceso a recursos digitales cartogr\u00e1ficos y tem\u00e1ticos georreferenciados a nivel regional y local.\t\t\t\t\t<\/p>\n\t\t\t\t\t\t\t<\/div>\n\t\t<\/div>\n\t\t\t\t<\/div>\n\t\t\t\t<\/div>\n\t\t\t\t\t<\/div>\n\t\t<\/div>\n\t\t\t\t\t\t\t<\/div>\n\t\t<\/section>\n\t\t\t\t\t<\/div>\n\t\t<\/div>\n\t\t\t\t\t\t\t<\/div>\n\t\t<\/section>\n\t\t\t\t<section class=\"elementor-section elementor-top-section elementor-element elementor-element-5705e1d elementor-section-boxed elementor-section-height-default elementor-section-height-default\" data-id=\"5705e1d\" data-element_type=\"section\">\n\t\t\t\t\t\t<div class=\"elementor-container elementor-column-gap-default\">\n\t\t\t\t\t<div class=\"elementor-column elementor-col-100 elementor-top-column elementor-element elementor-element-8b8dc4d\" data-id=\"8b8dc4d\" data-element_type=\"column\">\n\t\t\t<div class=\"elementor-widget-wrap elementor-element-populated\">\n\t\t\t\t\t\t\t\t<div class=\"elementor-element elementor-element-17566cc elementor-widget elementor-widget-heading\" data-id=\"17566cc\" data-element_type=\"widget\" data-widget_type=\"heading.default\">\n\t\t\t\t<div class=\"elementor-widget-container\">\n\t\t\t<h2 class=\"elementor-heading-title elementor-size-default\">Antecedentes<\/h2>\t\t<\/div>\n\t\t\t\t<\/div>\n\t\t\t\t<section class=\"elementor-section elementor-inner-section elementor-element elementor-element-3764ec3 elementor-section-boxed elementor-section-height-default elementor-section-height-default\" data-id=\"3764ec3\" data-element_type=\"section\">\n\t\t\t\t\t\t<div class=\"elementor-container elementor-column-gap-default\">\n\t\t\t\t\t<div class=\"elementor-column elementor-col-50 elementor-inner-column elementor-element elementor-element-b702643\" data-id=\"b702643\" data-element_type=\"column\">\n\t\t\t<div class=\"elementor-widget-wrap elementor-element-populated\">\n\t\t\t\t\t\t\t\t<div class=\"elementor-element elementor-element-0ac4efc elementor-widget elementor-widget-image\" data-id=\"0ac4efc\" data-element_type=\"widget\" data-widget_type=\"image.default\">\n\t\t\t\t<div class=\"elementor-widget-container\">\n\t\t\t\t\t\t\t\t\t\t\t\t\t\t\t<img width=\"800\" height=\"531\" src=\"https:\/\/sial.minam.gob.pe\/rioja\/wp-content\/uploads\/2023\/12\/rioja-1024x680.png\" class=\"attachment-large size-large\" alt=\"\" loading=\"lazy\" srcset=\"https:\/\/sial.minam.gob.pe\/rioja\/wp-content\/uploads\/2023\/12\/rioja-1024x680.png 1024w, https:\/\/sial.minam.gob.pe\/rioja\/wp-content\/uploads\/2023\/12\/rioja-300x199.png 300w, https:\/\/sial.minam.gob.pe\/rioja\/wp-content\/uploads\/2023\/12\/rioja-768x510.png 768w, https:\/\/sial.minam.gob.pe\/rioja\/wp-content\/uploads\/2023\/12\/rioja.png 1409w\" sizes=\"(max-width: 800px) 100vw, 800px\" \/>\t\t\t\t\t\t\t\t\t\t\t\t\t\t\t<\/div>\n\t\t\t\t<\/div>\n\t\t\t\t\t<\/div>\n\t\t<\/div>\n\t\t\t\t<div class=\"elementor-column elementor-col-50 elementor-inner-column elementor-element elementor-element-de454a1\" data-id=\"de454a1\" data-element_type=\"column\">\n\t\t\t<div class=\"elementor-widget-wrap elementor-element-populated\">\n\t\t\t\t\t\t\t\t<div class=\"elementor-element elementor-element-b6e30cb elementor-widget elementor-widget-text-editor\" data-id=\"b6e30cb\" data-element_type=\"widget\" data-widget_type=\"text-editor.default\">\n\t\t\t\t<div class=\"elementor-widget-container\">\n\t\t\t\t\t\t\t<p>En Octubre del 2005 se aprueba la Ley N\u00ba 28611 \u201cLey General del Ambiente\u201d, el cual se constituye en la norma ordenadora del marco normativo legal para la gesti\u00f3n ambiental en el Per\u00fa. Establece los principios y normas b\u00e1sicas para asegurar el efectivo ejercicio del derecho a un ambiente saludable, equilibrado y adecuado para el pleno desarrollo de la vida, as\u00ed como el cumplimiento del deber de contribuir a una efectiva gesti\u00f3n ambiental y de proteger el ambiente, as\u00ed como sus componentes, con el objetivo de mejorar la calidad de vida de la poblaci\u00f3n y lograr el desarrollo sostenible del pa\u00eds.<\/p>\n<p>El art\u00edculo N\u00ba44&nbsp; establece que los informes y documentos resultantes de las actividades cient\u00edficas, t\u00e9cnicas y de monitoreo de la calidad del ambiente y de sus componentes, as\u00ed como los que se generen en el ejercicio de las funciones ambientales que ejercen las entidades p\u00fablicas, deben ser incorporados al SINIA, a fin de facilitar su acceso para las entidades p\u00fablicas y privadas, en el marco de las normas y limitaciones establecidas en las normas de transparencia y acceso a la informaci\u00f3n p\u00fablica\u201d.<\/p>\n<p>El SIAL Rioja es un nodo del SINIA,&nbsp;como el instrumento de gesti\u00f3n ambiental, destinado a concentrar la informaci\u00f3n ambiental de Rioja, para ser ofrecida a los diversos usuarios, de conformidad con lo dispuesto en la legislaci\u00f3n vigente.<\/p>\t\t\t\t\t\t<\/div>\n\t\t\t\t<\/div>\n\t\t\t\t\t<\/div>\n\t\t<\/div>\n\t\t\t\t\t\t\t<\/div>\n\t\t<\/section>\n\t\t\t\t\t<\/div>\n\t\t<\/div>\n\t\t\t\t\t\t\t<\/div>\n\t\t<\/section>\n\t\t\t\t\t\t<\/div>\n\t\t\t\t\t<\/div>\n\t\t","protected":false},"excerpt":{"rendered":"<p>Inicio Acerca del SIAL El Sistema de Informaci\u00f3n Ambiental Local (SIAL) se desarrolla con la finalidad de servir como herramienta de apoyo a la implementaci\u00f3n del Sistema Nacional de Gesti\u00f3n Ambiental y es parte conformante del Sistema Nacional de Informaci\u00f3n Ambiental. El proceso de coordinaci\u00f3n para la implementaci\u00f3n\u00a0 de los SIAL\u2019s a nivel nacional recae [&hellip;]<\/p>\n","protected":false},"author":1,"featured_media":0,"parent":0,"menu_order":0,"comment_status":"closed","ping_status":"closed","template":"","meta":[],"yoast_head":"<!-- This site is optimized with the Yoast SEO plugin v18.3 - https:\/\/yoast.com\/wordpress\/plugins\/seo\/ -->\n<title>Acerca de | SIAL Rioja<\/title>\n<meta name=\"robots\" content=\"index, follow, max-snippet:-1, max-image-preview:large, max-video-preview:-1\" \/>\n<link rel=\"canonical\" href=\"https:\/\/sial.minam.gob.pe\/rioja\/acerca-de\/\" \/>\n<meta property=\"og:locale\" content=\"es_ES\" \/>\n<meta property=\"og:type\" content=\"article\" \/>\n<meta property=\"og:title\" content=\"Acerca de | SIAL Rioja\" \/>\n<meta property=\"og:description\" content=\"Inicio Acerca del SIAL El Sistema de Informaci\u00f3n Ambiental Local (SIAL) se desarrolla con la finalidad de servir como herramienta de apoyo a la implementaci\u00f3n del Sistema Nacional de Gesti\u00f3n Ambiental y es parte conformante del Sistema Nacional de Informaci\u00f3n Ambiental. El proceso de coordinaci\u00f3n para la implementaci\u00f3n\u00a0 de los SIAL\u2019s a nivel nacional recae [&hellip;]\" \/>\n<meta property=\"og:url\" content=\"https:\/\/sial.minam.gob.pe\/rioja\/acerca-de\/\" \/>\n<meta property=\"og:site_name\" content=\"SIAL Rioja\" \/>\n<meta property=\"article:modified_time\" content=\"2024-01-15T05:46:40+00:00\" \/>\n<meta property=\"og:image\" content=\"https:\/\/sial.minam.gob.pe\/rioja\/wp-content\/uploads\/2023\/09\/logo-SIAL1.png\" \/>\n<meta name=\"twitter:card\" content=\"summary_large_image\" \/>\n<meta name=\"twitter:label1\" content=\"Tiempo de lectura\" \/>\n\t<meta name=\"twitter:data1\" content=\"3 minutos\" \/>\n<script type=\"application\/ld+json\" class=\"yoast-schema-graph\">{\"@context\":\"https:\/\/schema.org\",\"@graph\":[{\"@type\":\"WebSite\",\"@id\":\"https:\/\/sial.minam.gob.pe\/rioja\/#website\",\"url\":\"https:\/\/sial.minam.gob.pe\/rioja\/\",\"name\":\"SIAL Rioja\",\"description\":\"P\u00e1gina\",\"potentialAction\":[{\"@type\":\"SearchAction\",\"target\":{\"@type\":\"EntryPoint\",\"urlTemplate\":\"https:\/\/sial.minam.gob.pe\/rioja\/?s={search_term_string}\"},\"query-input\":\"required name=search_term_string\"}],\"inLanguage\":\"es\"},{\"@type\":\"ImageObject\",\"@id\":\"https:\/\/sial.minam.gob.pe\/rioja\/acerca-de\/#primaryimage\",\"inLanguage\":\"es\",\"url\":\"https:\/\/sial.minam.gob.pe\/rioja\/wp-content\/uploads\/2023\/09\/logo-SIAL1.png\",\"contentUrl\":\"https:\/\/sial.minam.gob.pe\/rioja\/wp-content\/uploads\/2023\/09\/logo-SIAL1.png\",\"width\":846,\"height\":337},{\"@type\":\"WebPage\",\"@id\":\"https:\/\/sial.minam.gob.pe\/rioja\/acerca-de\/#webpage\",\"url\":\"https:\/\/sial.minam.gob.pe\/rioja\/acerca-de\/\",\"name\":\"Acerca de | SIAL Rioja\",\"isPartOf\":{\"@id\":\"https:\/\/sial.minam.gob.pe\/rioja\/#website\"},\"primaryImageOfPage\":{\"@id\":\"https:\/\/sial.minam.gob.pe\/rioja\/acerca-de\/#primaryimage\"},\"datePublished\":\"2022-02-03T15:37:31+00:00\",\"dateModified\":\"2024-01-15T05:46:40+00:00\",\"breadcrumb\":{\"@id\":\"https:\/\/sial.minam.gob.pe\/rioja\/acerca-de\/#breadcrumb\"},\"inLanguage\":\"es\",\"potentialAction\":[{\"@type\":\"ReadAction\",\"target\":[\"https:\/\/sial.minam.gob.pe\/rioja\/acerca-de\/\"]}]},{\"@type\":\"BreadcrumbList\",\"@id\":\"https:\/\/sial.minam.gob.pe\/rioja\/acerca-de\/#breadcrumb\",\"itemListElement\":[{\"@type\":\"ListItem\",\"position\":1,\"name\":\"Inicio\",\"item\":\"https:\/\/sial.minam.gob.pe\/rioja\/\"},{\"@type\":\"ListItem\",\"position\":2,\"name\":\"Acerca de\"}]}]}<\/script>\n<!-- \/ Yoast SEO plugin. -->","yoast_head_json":{"title":"Acerca de | SIAL Rioja","robots":{"index":"index","follow":"follow","max-snippet":"max-snippet:-1","max-image-preview":"max-image-preview:large","max-video-preview":"max-video-preview:-1"},"canonical":"https:\/\/sial.minam.gob.pe\/rioja\/acerca-de\/","og_locale":"es_ES","og_type":"article","og_title":"Acerca de | SIAL Rioja","og_description":"Inicio Acerca del SIAL El Sistema de Informaci\u00f3n Ambiental Local (SIAL) se desarrolla con la finalidad de servir como herramienta de apoyo a la implementaci\u00f3n del Sistema Nacional de Gesti\u00f3n Ambiental y es parte conformante del Sistema Nacional de Informaci\u00f3n Ambiental. El proceso de coordinaci\u00f3n para la implementaci\u00f3n\u00a0 de los SIAL\u2019s a nivel nacional recae [&hellip;]","og_url":"https:\/\/sial.minam.gob.pe\/rioja\/acerca-de\/","og_site_name":"SIAL Rioja","article_modified_time":"2024-01-15T05:46:40+00:00","og_image":[{"url":"https:\/\/sial.minam.gob.pe\/rioja\/wp-content\/uploads\/2023\/09\/logo-SIAL1.png"}],"twitter_card":"summary_large_image","twitter_misc":{"Tiempo de lectura":"3 minutos"},"schema":{"@context":"https:\/\/schema.org","@graph":[{"@type":"WebSite","@id":"https:\/\/sial.minam.gob.pe\/rioja\/#website","url":"https:\/\/sial.minam.gob.pe\/rioja\/","name":"SIAL Rioja","description":"P\u00e1gina","potentialAction":[{"@type":"SearchAction","target":{"@type":"EntryPoint","urlTemplate":"https:\/\/sial.minam.gob.pe\/rioja\/?s={search_term_string}"},"query-input":"required name=search_term_string"}],"inLanguage":"es"},{"@type":"ImageObject","@id":"https:\/\/sial.minam.gob.pe\/rioja\/acerca-de\/#primaryimage","inLanguage":"es","url":"https:\/\/sial.minam.gob.pe\/rioja\/wp-content\/uploads\/2023\/09\/logo-SIAL1.png","contentUrl":"https:\/\/sial.minam.gob.pe\/rioja\/wp-content\/uploads\/2023\/09\/logo-SIAL1.png","width":846,"height":337},{"@type":"WebPage","@id":"https:\/\/sial.minam.gob.pe\/rioja\/acerca-de\/#webpage","url":"https:\/\/sial.minam.gob.pe\/rioja\/acerca-de\/","name":"Acerca de | SIAL Rioja","isPartOf":{"@id":"https:\/\/sial.minam.gob.pe\/rioja\/#website"},"primaryImageOfPage":{"@id":"https:\/\/sial.minam.gob.pe\/rioja\/acerca-de\/#primaryimage"},"datePublished":"2022-02-03T15:37:31+00:00","dateModified":"2024-01-15T05:46:40+00:00","breadcrumb":{"@id":"https:\/\/sial.minam.gob.pe\/rioja\/acerca-de\/#breadcrumb"},"inLanguage":"es","potentialAction":[{"@type":"ReadAction","target":["https:\/\/sial.minam.gob.pe\/rioja\/acerca-de\/"]}]},{"@type":"BreadcrumbList","@id":"https:\/\/sial.minam.gob.pe\/rioja\/acerca-de\/#breadcrumb","itemListElement":[{"@type":"ListItem","position":1,"name":"Inicio","item":"https:\/\/sial.minam.gob.pe\/rioja\/"},{"@type":"ListItem","position":2,"name":"Acerca de"}]}]}},"_links":{"self":[{"href":"https:\/\/sial.minam.gob.pe\/rioja\/wp-json\/wp\/v2\/pages\/96"}],"collection":[{"href":"https:\/\/sial.minam.gob.pe\/rioja\/wp-json\/wp\/v2\/pages"}],"about":[{"href":"https:\/\/sial.minam.gob.pe\/rioja\/wp-json\/wp\/v2\/types\/page"}],"author":[{"embeddable":true,"href":"https:\/\/sial.minam.gob.pe\/rioja\/wp-json\/wp\/v2\/users\/1"}],"replies":[{"embeddable":true,"href":"https:\/\/sial.minam.gob.pe\/rioja\/wp-json\/wp\/v2\/comments?post=96"}],"version-history":[{"count":121,"href":"https:\/\/sial.minam.gob.pe\/rioja\/wp-json\/wp\/v2\/pages\/96\/revisions"}],"predecessor-version":[{"id":3994,"href":"https:\/\/sial.minam.gob.pe\/rioja\/wp-json\/wp\/v2\/pages\/96\/revisions\/3994"}],"wp:attachment":[{"href":"https:\/\/sial.minam.gob.pe\/rioja\/wp-json\/wp\/v2\/media?parent=96"}],"curies":[{"name":"wp","href":"https:\/\/api.w.org\/{rel}","templated":true}]}}