{"id":3771,"date":"2023-09-20T17:56:08","date_gmt":"2023-09-20T22:56:08","guid":{"rendered":"http:\/\/192.168.30.195\/sialrioja\/?page_id=3771"},"modified":"2024-01-16T09:47:34","modified_gmt":"2024-01-16T14:47:34","slug":"estadisticas-regionales","status":"publish","type":"page","link":"https:\/\/sial.minam.gob.pe\/rioja\/estadisticas-regionales\/","title":{"rendered":"Estad\u00edsticas regionales"},"content":{"rendered":"\t\t<div data-elementor-type=\"wp-page\" data-elementor-id=\"3771\" class=\"elementor elementor-3771\" data-elementor-settings=\"[]\">\n\t\t\t\t\t\t\t<div class=\"elementor-section-wrap\">\n\t\t\t\t\t\t\t<section class=\"elementor-section elementor-top-section elementor-element elementor-element-5601bf3 elementor-section-height-min-height elementor-section-boxed elementor-section-height-default elementor-section-items-middle\" data-id=\"5601bf3\" data-element_type=\"section\" data-settings=\"{&quot;background_background&quot;:&quot;classic&quot;}\">\n\t\t\t\t\t\t\t<div class=\"elementor-background-overlay\"><\/div>\n\t\t\t\t\t\t\t<div class=\"elementor-container elementor-column-gap-default\">\n\t\t\t\t\t<div class=\"elementor-column elementor-col-100 elementor-top-column elementor-element elementor-element-7238f60a\" data-id=\"7238f60a\" data-element_type=\"column\" data-settings=\"{&quot;background_background&quot;:&quot;classic&quot;}\">\n\t\t\t<div class=\"elementor-widget-wrap elementor-element-populated\">\n\t\t\t\t\t\t\t\t<div class=\"elementor-element elementor-element-4ead9110 elementor-align-center elementor-widget elementor-widget-breadcrumbs\" data-id=\"4ead9110\" data-element_type=\"widget\" data-widget_type=\"breadcrumbs.default\">\n\t\t\t\t<div class=\"elementor-widget-container\">\n\t\t\t<p id=\"breadcrumbs\"><span><span><a href=\"https:\/\/sial.minam.gob.pe\/rioja\/\">Inicio<\/a><\/span><\/p>\t\t<\/div>\n\t\t\t\t<\/div>\n\t\t\t\t\t<\/div>\n\t\t<\/div>\n\t\t\t\t\t\t\t<\/div>\n\t\t<\/section>\n\t\t\t\t<section class=\"elementor-section elementor-top-section elementor-element elementor-element-3014110 elementor-section-height-min-height elementor-section-boxed elementor-section-height-default elementor-section-items-middle\" data-id=\"3014110\" data-element_type=\"section\">\n\t\t\t\t\t\t<div class=\"elementor-container elementor-column-gap-default\">\n\t\t\t\t\t<div class=\"elementor-column elementor-col-100 elementor-top-column elementor-element elementor-element-0aeedf5\" data-id=\"0aeedf5\" data-element_type=\"column\">\n\t\t\t<div class=\"elementor-widget-wrap elementor-element-populated\">\n\t\t\t\t\t\t\t\t<div class=\"elementor-element elementor-element-b20c770 elementor-widget elementor-widget-spacer\" data-id=\"b20c770\" data-element_type=\"widget\" data-widget_type=\"spacer.default\">\n\t\t\t\t<div class=\"elementor-widget-container\">\n\t\t\t\t\t<div class=\"elementor-spacer\">\n\t\t\t<div class=\"elementor-spacer-inner\"><\/div>\n\t\t<\/div>\n\t\t\t\t<\/div>\n\t\t\t\t<\/div>\n\t\t\t\t<div class=\"elementor-element elementor-element-903cbec elementor-widget elementor-widget-heading\" data-id=\"903cbec\" data-element_type=\"widget\" data-widget_type=\"heading.default\">\n\t\t\t\t<div class=\"elementor-widget-container\">\n\t\t\t<h2 class=\"elementor-heading-title elementor-size-default\">Estad\u00edsticas de San Mart\u00edn<\/h2>\t\t<\/div>\n\t\t\t\t<\/div>\n\t\t\t\t<div class=\"elementor-element elementor-element-72c13a4 elementor-widget-divider--view-line elementor-widget elementor-widget-divider\" data-id=\"72c13a4\" data-element_type=\"widget\" data-widget_type=\"divider.default\">\n\t\t\t\t<div class=\"elementor-widget-container\">\n\t\t\t\t\t<div class=\"elementor-divider\">\n\t\t\t<span class=\"elementor-divider-separator\">\n\t\t\t\t\t\t<\/span>\n\t\t<\/div>\n\t\t\t\t<\/div>\n\t\t\t\t<\/div>\n\t\t\t\t\t<\/div>\n\t\t<\/div>\n\t\t\t\t\t\t\t<\/div>\n\t\t<\/section>\n\t\t\t\t<section class=\"elementor-section elementor-top-section elementor-element elementor-element-70377d2 elementor-section-boxed elementor-section-height-default elementor-section-height-default\" data-id=\"70377d2\" data-element_type=\"section\">\n\t\t\t\t\t\t<div class=\"elementor-container elementor-column-gap-default\">\n\t\t\t\t\t<div class=\"elementor-column elementor-col-100 elementor-top-column elementor-element elementor-element-936e4c9\" data-id=\"936e4c9\" data-element_type=\"column\">\n\t\t\t<div class=\"elementor-widget-wrap elementor-element-populated\">\n\t\t\t\t\t\t\t\t<div class=\"elementor-element elementor-element-04d40b4 elementor-widget elementor-widget-html\" data-id=\"04d40b4\" data-element_type=\"widget\" data-widget_type=\"html.default\">\n\t\t\t\t<div class=\"elementor-widget-container\">\n\t\t\t<iframe id=\"miIframe\" src=\"https:\/\/sinia-indicadores.web.app\/#\/estadisticas?region=22\" width=\"100%\" scrolling=\"no\" style=\"border: none;\"><\/iframe>\r\n\r\n<style>\r\n  @media screen and (min-width: 768px) and (max-width: 1200px) {\r\n    #miIframe {\r\n      height: 2400px;\r\n    }\r\n  }\r\n  @media screen and (min-width: 1201px) {\r\n    #miIframe {\r\n      height: 1800px;\r\n    }\r\n  }\r\n  @media screen and (max-width: 767px) {\r\n    #miIframe {\r\n      height: 3400px;\r\n    }\r\n  }\r\n<\/style>\r\n\t\t<\/div>\n\t\t\t\t<\/div>\n\t\t\t\t\t<\/div>\n\t\t<\/div>\n\t\t\t\t\t\t\t<\/div>\n\t\t<\/section>\n\t\t\t\t\t\t<\/div>\n\t\t\t\t\t<\/div>\n\t\t","protected":false},"excerpt":{"rendered":"<p>Estad\u00edsticas de San Mart\u00edn<\/p>\n","protected":false},"author":1,"featured_media":0,"parent":0,"menu_order":0,"comment_status":"closed","ping_status":"closed","template":"","meta":[],"yoast_head":"<!-- This site is optimized with the Yoast SEO plugin v18.3 - https:\/\/yoast.com\/wordpress\/plugins\/seo\/ -->\n<title>Estad\u00edsticas regionales | SIAL Rioja<\/title>\n<meta name=\"robots\" content=\"index, follow, max-snippet:-1, max-image-preview:large, max-video-preview:-1\" \/>\n<link rel=\"canonical\" href=\"https:\/\/sial.minam.gob.pe\/rioja\/estadisticas-regionales\/\" \/>\n<meta property=\"og:locale\" content=\"es_ES\" \/>\n<meta property=\"og:type\" content=\"article\" \/>\n<meta property=\"og:title\" content=\"Estad\u00edsticas regionales | SIAL Rioja\" \/>\n<meta property=\"og:description\" content=\"Estad\u00edsticas de San Mart\u00edn\" \/>\n<meta property=\"og:url\" content=\"https:\/\/sial.minam.gob.pe\/rioja\/estadisticas-regionales\/\" \/>\n<meta property=\"og:site_name\" content=\"SIAL Rioja\" \/>\n<meta property=\"article:modified_time\" content=\"2024-01-16T14:47:34+00:00\" \/>\n<meta name=\"twitter:card\" content=\"summary_large_image\" \/>\n<meta name=\"twitter:label1\" content=\"Tiempo de lectura\" \/>\n\t<meta name=\"twitter:data1\" content=\"1 minuto\" \/>\n<script type=\"application\/ld+json\" class=\"yoast-schema-graph\">{\"@context\":\"https:\/\/schema.org\",\"@graph\":[{\"@type\":\"WebSite\",\"@id\":\"https:\/\/sial.minam.gob.pe\/rioja\/#website\",\"url\":\"https:\/\/sial.minam.gob.pe\/rioja\/\",\"name\":\"SIAL Rioja\",\"description\":\"P\u00e1gina\",\"potentialAction\":[{\"@type\":\"SearchAction\",\"target\":{\"@type\":\"EntryPoint\",\"urlTemplate\":\"https:\/\/sial.minam.gob.pe\/rioja\/?s={search_term_string}\"},\"query-input\":\"required name=search_term_string\"}],\"inLanguage\":\"es\"},{\"@type\":\"WebPage\",\"@id\":\"https:\/\/sial.minam.gob.pe\/rioja\/estadisticas-regionales\/#webpage\",\"url\":\"https:\/\/sial.minam.gob.pe\/rioja\/estadisticas-regionales\/\",\"name\":\"Estad\u00edsticas regionales | SIAL Rioja\",\"isPartOf\":{\"@id\":\"https:\/\/sial.minam.gob.pe\/rioja\/#website\"},\"datePublished\":\"2023-09-20T22:56:08+00:00\",\"dateModified\":\"2024-01-16T14:47:34+00:00\",\"breadcrumb\":{\"@id\":\"https:\/\/sial.minam.gob.pe\/rioja\/estadisticas-regionales\/#breadcrumb\"},\"inLanguage\":\"es\",\"potentialAction\":[{\"@type\":\"ReadAction\",\"target\":[\"https:\/\/sial.minam.gob.pe\/rioja\/estadisticas-regionales\/\"]}]},{\"@type\":\"BreadcrumbList\",\"@id\":\"https:\/\/sial.minam.gob.pe\/rioja\/estadisticas-regionales\/#breadcrumb\",\"itemListElement\":[{\"@type\":\"ListItem\",\"position\":1,\"name\":\"Inicio\",\"item\":\"https:\/\/sial.minam.gob.pe\/rioja\/\"},{\"@type\":\"ListItem\",\"position\":2,\"name\":\"Estad\u00edsticas regionales\"}]}]}<\/script>\n<!-- \/ Yoast SEO plugin. -->","yoast_head_json":{"title":"Estad\u00edsticas regionales | SIAL Rioja","robots":{"index":"index","follow":"follow","max-snippet":"max-snippet:-1","max-image-preview":"max-image-preview:large","max-video-preview":"max-video-preview:-1"},"canonical":"https:\/\/sial.minam.gob.pe\/rioja\/estadisticas-regionales\/","og_locale":"es_ES","og_type":"article","og_title":"Estad\u00edsticas regionales | SIAL Rioja","og_description":"Estad\u00edsticas de San Mart\u00edn","og_url":"https:\/\/sial.minam.gob.pe\/rioja\/estadisticas-regionales\/","og_site_name":"SIAL Rioja","article_modified_time":"2024-01-16T14:47:34+00:00","twitter_card":"summary_large_image","twitter_misc":{"Tiempo de lectura":"1 minuto"},"schema":{"@context":"https:\/\/schema.org","@graph":[{"@type":"WebSite","@id":"https:\/\/sial.minam.gob.pe\/rioja\/#website","url":"https:\/\/sial.minam.gob.pe\/rioja\/","name":"SIAL Rioja","description":"P\u00e1gina","potentialAction":[{"@type":"SearchAction","target":{"@type":"EntryPoint","urlTemplate":"https:\/\/sial.minam.gob.pe\/rioja\/?s={search_term_string}"},"query-input":"required name=search_term_string"}],"inLanguage":"es"},{"@type":"WebPage","@id":"https:\/\/sial.minam.gob.pe\/rioja\/estadisticas-regionales\/#webpage","url":"https:\/\/sial.minam.gob.pe\/rioja\/estadisticas-regionales\/","name":"Estad\u00edsticas regionales | SIAL Rioja","isPartOf":{"@id":"https:\/\/sial.minam.gob.pe\/rioja\/#website"},"datePublished":"2023-09-20T22:56:08+00:00","dateModified":"2024-01-16T14:47:34+00:00","breadcrumb":{"@id":"https:\/\/sial.minam.gob.pe\/rioja\/estadisticas-regionales\/#breadcrumb"},"inLanguage":"es","potentialAction":[{"@type":"ReadAction","target":["https:\/\/sial.minam.gob.pe\/rioja\/estadisticas-regionales\/"]}]},{"@type":"BreadcrumbList","@id":"https:\/\/sial.minam.gob.pe\/rioja\/estadisticas-regionales\/#breadcrumb","itemListElement":[{"@type":"ListItem","position":1,"name":"Inicio","item":"https:\/\/sial.minam.gob.pe\/rioja\/"},{"@type":"ListItem","position":2,"name":"Estad\u00edsticas regionales"}]}]}},"_links":{"self":[{"href":"https:\/\/sial.minam.gob.pe\/rioja\/wp-json\/wp\/v2\/pages\/3771"}],"collection":[{"href":"https:\/\/sial.minam.gob.pe\/rioja\/wp-json\/wp\/v2\/pages"}],"about":[{"href":"https:\/\/sial.minam.gob.pe\/rioja\/wp-json\/wp\/v2\/types\/page"}],"author":[{"embeddable":true,"href":"https:\/\/sial.minam.gob.pe\/rioja\/wp-json\/wp\/v2\/users\/1"}],"replies":[{"embeddable":true,"href":"https:\/\/sial.minam.gob.pe\/rioja\/wp-json\/wp\/v2\/comments?post=3771"}],"version-history":[{"count":16,"href":"https:\/\/sial.minam.gob.pe\/rioja\/wp-json\/wp\/v2\/pages\/3771\/revisions"}],"predecessor-version":[{"id":4000,"href":"https:\/\/sial.minam.gob.pe\/rioja\/wp-json\/wp\/v2\/pages\/3771\/revisions\/4000"}],"wp:attachment":[{"href":"https:\/\/sial.minam.gob.pe\/rioja\/wp-json\/wp\/v2\/media?parent=3771"}],"curies":[{"name":"wp","href":"https:\/\/api.w.org\/{rel}","templated":true}]}}