{"id":96,"date":"2022-02-03T10:37:31","date_gmt":"2022-02-03T15:37:31","guid":{"rendered":"http:\/\/siarapurimac.codigoydatos.com\/?page_id=96"},"modified":"2024-01-09T10:27:44","modified_gmt":"2024-01-09T15:27:44","slug":"acerca-de","status":"publish","type":"page","link":"https:\/\/sial.minam.gob.pe\/lima\/acerca-de\/","title":{"rendered":"Acerca de"},"content":{"rendered":"\t\t<div data-elementor-type=\"wp-page\" data-elementor-id=\"96\" class=\"elementor elementor-96\" data-elementor-settings=\"[]\">\n\t\t\t\t\t\t\t<div class=\"elementor-section-wrap\">\n\t\t\t\t\t\t\t<section class=\"elementor-section elementor-top-section elementor-element elementor-element-1426a7f elementor-section-height-min-height elementor-section-boxed elementor-section-height-default elementor-section-items-middle\" data-id=\"1426a7f\" data-element_type=\"section\" data-settings=\"{&quot;background_background&quot;:&quot;classic&quot;}\">\n\t\t\t\t\t\t\t<div class=\"elementor-background-overlay\"><\/div>\n\t\t\t\t\t\t\t<div class=\"elementor-container elementor-column-gap-default\">\n\t\t\t\t\t<div class=\"elementor-column elementor-col-100 elementor-top-column elementor-element elementor-element-f3fd25d\" data-id=\"f3fd25d\" data-element_type=\"column\" data-settings=\"{&quot;background_background&quot;:&quot;classic&quot;}\">\n\t\t\t<div class=\"elementor-widget-wrap elementor-element-populated\">\n\t\t\t\t\t\t\t\t<div class=\"elementor-element elementor-element-a2b3db1 elementor-align-center elementor-widget elementor-widget-breadcrumbs\" data-id=\"a2b3db1\" data-element_type=\"widget\" data-widget_type=\"breadcrumbs.default\">\n\t\t\t\t<div class=\"elementor-widget-container\">\n\t\t\t<p id=\"breadcrumbs\"><span><span><a href=\"https:\/\/sial.minam.gob.pe\/lima\/\">Inicio<\/a><\/span><\/p>\t\t<\/div>\n\t\t\t\t<\/div>\n\t\t\t\t\t<\/div>\n\t\t<\/div>\n\t\t\t\t\t\t\t<\/div>\n\t\t<\/section>\n\t\t\t\t<section class=\"elementor-section elementor-top-section elementor-element elementor-element-0ada835 elementor-section-height-min-height elementor-section-boxed elementor-section-height-default elementor-section-items-middle\" data-id=\"0ada835\" data-element_type=\"section\">\n\t\t\t\t\t\t<div class=\"elementor-container elementor-column-gap-default\">\n\t\t\t\t\t<div class=\"elementor-column elementor-col-50 elementor-top-column elementor-element elementor-element-b566f9b\" data-id=\"b566f9b\" data-element_type=\"column\">\n\t\t\t<div class=\"elementor-widget-wrap elementor-element-populated\">\n\t\t\t\t\t\t\t\t<div class=\"elementor-element elementor-element-9ae1a64 elementor-widget elementor-widget-heading\" data-id=\"9ae1a64\" data-element_type=\"widget\" data-widget_type=\"heading.default\">\n\t\t\t\t<div class=\"elementor-widget-container\">\n\t\t\t<h2 class=\"elementor-heading-title elementor-size-default\">Acerca del SIAL<\/h2>\t\t<\/div>\n\t\t\t\t<\/div>\n\t\t\t\t<div class=\"elementor-element elementor-element-4c6d8cc elementor-widget elementor-widget-text-editor\" data-id=\"4c6d8cc\" data-element_type=\"widget\" data-widget_type=\"text-editor.default\">\n\t\t\t\t<div class=\"elementor-widget-container\">\n\t\t\t\t\t\t\t<p>El Sistema de Informaci\u00f3n Ambiental Local (SIAL) se desarrolla con la finalidad de servir como herramienta de apoyo a la implementaci\u00f3n del Sistema Nacional de Gesti\u00f3n Ambiental y es parte conformante del Sistema Nacional de Informaci\u00f3n Ambiental. El proceso de coordinaci\u00f3n para la implementaci\u00f3n\u00a0 de los SIAL\u2019s a nivel nacional recae en la Direcci\u00f3n de Informaci\u00f3n, Investigaci\u00f3n e Innovaci\u00f3n Ambiental del Vice ministerio de Gesti\u00f3n Ambiental, quienes ejecutan sus funciones en virtud a aquellas asignadas al Ministerio del Ambiente en el Articulo de 5\u00aa de su ley de creaci\u00f3n que establece que es funci\u00f3n compartida del MINAM \u201cPrestar apoyo t\u00e9cnico a los Gobiernos Regionales y Locales para el adecuado cumplimiento de las funciones ambientales descentralizadas\u201d.<\/p>\t\t\t\t\t\t<\/div>\n\t\t\t\t<\/div>\n\t\t\t\t\t<\/div>\n\t\t<\/div>\n\t\t\t\t<div class=\"elementor-column elementor-col-50 elementor-top-column elementor-element elementor-element-3e9b01d\" data-id=\"3e9b01d\" data-element_type=\"column\">\n\t\t\t<div class=\"elementor-widget-wrap elementor-element-populated\">\n\t\t\t\t\t\t\t\t<div class=\"elementor-element elementor-element-531c484 elementor-widget elementor-widget-image\" data-id=\"531c484\" data-element_type=\"widget\" data-widget_type=\"image.default\">\n\t\t\t\t<div class=\"elementor-widget-container\">\n\t\t\t\t\t\t\t\t\t\t\t\t\t\t\t<img width=\"800\" height=\"319\" src=\"https:\/\/sial.minam.gob.pe\/lima\/wp-content\/uploads\/2023\/09\/logo-SIAL1.png\" class=\"attachment-large size-large\" alt=\"\" loading=\"lazy\" srcset=\"https:\/\/sial.minam.gob.pe\/lima\/wp-content\/uploads\/2023\/09\/logo-SIAL1.png 846w, https:\/\/sial.minam.gob.pe\/lima\/wp-content\/uploads\/2023\/09\/logo-SIAL1-300x120.png 300w, https:\/\/sial.minam.gob.pe\/lima\/wp-content\/uploads\/2023\/09\/logo-SIAL1-768x306.png 768w\" sizes=\"(max-width: 800px) 100vw, 800px\" \/>\t\t\t\t\t\t\t\t\t\t\t\t\t\t\t<\/div>\n\t\t\t\t<\/div>\n\t\t\t\t\t<\/div>\n\t\t<\/div>\n\t\t\t\t\t\t\t<\/div>\n\t\t<\/section>\n\t\t\t\t<section class=\"elementor-section elementor-top-section elementor-element elementor-element-a1bc527 elementor-section-boxed elementor-section-height-default elementor-section-height-default\" data-id=\"a1bc527\" data-element_type=\"section\">\n\t\t\t\t\t\t\t<div class=\"elementor-background-overlay\"><\/div>\n\t\t\t\t\t\t\t<div class=\"elementor-container elementor-column-gap-default\">\n\t\t\t\t\t<div class=\"elementor-column elementor-col-100 elementor-top-column elementor-element elementor-element-ae21178\" data-id=\"ae21178\" data-element_type=\"column\">\n\t\t\t<div class=\"elementor-widget-wrap elementor-element-populated\">\n\t\t\t\t\t\t\t\t<div class=\"elementor-element elementor-element-d62941b elementor-widget elementor-widget-heading\" data-id=\"d62941b\" data-element_type=\"widget\" data-widget_type=\"heading.default\">\n\t\t\t\t<div class=\"elementor-widget-container\">\n\t\t\t<h2 class=\"elementor-heading-title elementor-size-default\">Servicios del SIAL<\/h2>\t\t<\/div>\n\t\t\t\t<\/div>\n\t\t\t\t<section class=\"elementor-section elementor-inner-section elementor-element elementor-element-2df768a elementor-section-boxed elementor-section-height-default elementor-section-height-default\" data-id=\"2df768a\" data-element_type=\"section\">\n\t\t\t\t\t\t<div class=\"elementor-container elementor-column-gap-default\">\n\t\t\t\t\t<div class=\"elementor-column elementor-col-25 elementor-inner-column elementor-element elementor-element-15f7c7d\" data-id=\"15f7c7d\" data-element_type=\"column\">\n\t\t\t<div class=\"elementor-widget-wrap elementor-element-populated\">\n\t\t\t\t\t\t\t\t<div class=\"elementor-element elementor-element-693ac6a elementor-view-stacked elementor-shape-circle elementor-position-top elementor-vertical-align-top elementor-widget elementor-widget-icon-box\" data-id=\"693ac6a\" data-element_type=\"widget\" data-widget_type=\"icon-box.default\">\n\t\t\t\t<div class=\"elementor-widget-container\">\n\t\t\t\t\t<div class=\"elementor-icon-box-wrapper\">\n\t\t\t\t\t\t<div class=\"elementor-icon-box-icon\">\n\t\t\t\t<a class=\"elementor-icon elementor-animation-grow\" href=\"\/lima\/?s&#038;content_type=documentos\">\n\t\t\t\t<i aria-hidden=\"true\" class=\"fas fa-book-reader\"><\/i>\t\t\t\t<\/a>\n\t\t\t<\/div>\n\t\t\t\t\t\t<div class=\"elementor-icon-box-content\">\n\t\t\t\t<h3 class=\"elementor-icon-box-title\">\n\t\t\t\t\t<a href=\"\/lima\/?s&#038;content_type=documentos\" >\n\t\t\t\t\t\tPublicaciones\t\t\t\t\t<\/a>\n\t\t\t\t<\/h3>\n\t\t\t\t\t\t\t\t\t<p class=\"elementor-icon-box-description\">\n\t\t\t\t\t\tAcceso a material bibliogr\u00e1fico y hemerogr\u00e1fico en temas ambientales como libros, revistas, gu\u00edas, manuales e investigaciones.\t\t\t\t\t<\/p>\n\t\t\t\t\t\t\t<\/div>\n\t\t<\/div>\n\t\t\t\t<\/div>\n\t\t\t\t<\/div>\n\t\t\t\t\t<\/div>\n\t\t<\/div>\n\t\t\t\t<div class=\"elementor-column elementor-col-25 elementor-inner-column elementor-element elementor-element-b179019\" data-id=\"b179019\" data-element_type=\"column\">\n\t\t\t<div class=\"elementor-widget-wrap elementor-element-populated\">\n\t\t\t\t\t\t\t\t<div class=\"elementor-element elementor-element-6de68d6 elementor-view-stacked elementor-shape-circle elementor-position-top elementor-vertical-align-top elementor-widget elementor-widget-icon-box\" data-id=\"6de68d6\" data-element_type=\"widget\" data-widget_type=\"icon-box.default\">\n\t\t\t\t<div class=\"elementor-widget-container\">\n\t\t\t\t\t<div class=\"elementor-icon-box-wrapper\">\n\t\t\t\t\t\t<div class=\"elementor-icon-box-icon\">\n\t\t\t\t<a class=\"elementor-icon elementor-animation-grow\" href=\"\/lima\/?s&#038;content_type=normatividad\">\n\t\t\t\t<i aria-hidden=\"true\" class=\"fas fa-balance-scale-right\"><\/i>\t\t\t\t<\/a>\n\t\t\t<\/div>\n\t\t\t\t\t\t<div class=\"elementor-icon-box-content\">\n\t\t\t\t<h3 class=\"elementor-icon-box-title\">\n\t\t\t\t\t<a href=\"\/lima\/?s&#038;content_type=normatividad\" >\n\t\t\t\t\t\tNormatividad\t\t\t\t\t<\/a>\n\t\t\t\t<\/h3>\n\t\t\t\t\t\t\t\t\t<p class=\"elementor-icon-box-description\">\n\t\t\t\t\t\tAcceso a dispositivos legales como leyes, ordenanzas, resoluciones y otros instrumentos normativos de inter\u00e9s.\t\t\t\t\t<\/p>\n\t\t\t\t\t\t\t<\/div>\n\t\t<\/div>\n\t\t\t\t<\/div>\n\t\t\t\t<\/div>\n\t\t\t\t\t<\/div>\n\t\t<\/div>\n\t\t\t\t<div class=\"elementor-column elementor-col-25 elementor-inner-column elementor-element elementor-element-ae07c2e\" data-id=\"ae07c2e\" data-element_type=\"column\">\n\t\t\t<div class=\"elementor-widget-wrap elementor-element-populated\">\n\t\t\t\t\t\t\t\t<div class=\"elementor-element elementor-element-65bd454 elementor-view-stacked elementor-shape-circle elementor-position-top elementor-vertical-align-top elementor-widget elementor-widget-icon-box\" data-id=\"65bd454\" data-element_type=\"widget\" data-widget_type=\"icon-box.default\">\n\t\t\t\t<div class=\"elementor-widget-container\">\n\t\t\t\t\t<div class=\"elementor-icon-box-wrapper\">\n\t\t\t\t\t\t<div class=\"elementor-icon-box-icon\">\n\t\t\t\t<a class=\"elementor-icon elementor-animation-grow\" href=\"\/lima\/estadistica-provincial\/\">\n\t\t\t\t<i aria-hidden=\"true\" class=\"fas fa-chart-pie\"><\/i>\t\t\t\t<\/a>\n\t\t\t<\/div>\n\t\t\t\t\t\t<div class=\"elementor-icon-box-content\">\n\t\t\t\t<h3 class=\"elementor-icon-box-title\">\n\t\t\t\t\t<a href=\"\/lima\/estadistica-provincial\/\" >\n\t\t\t\t\t\tEstad\u00edsticas\t\t\t\t\t<\/a>\n\t\t\t\t<\/h3>\n\t\t\t\t\t\t\t\t\t<p class=\"elementor-icon-box-description\">\n\t\t\t\t\t\tConsulta y descarga de datos e informaci\u00f3n estad\u00edstica sobre los principales componentes ambientales.\t\t\t\t\t<\/p>\n\t\t\t\t\t\t\t<\/div>\n\t\t<\/div>\n\t\t\t\t<\/div>\n\t\t\t\t<\/div>\n\t\t\t\t\t<\/div>\n\t\t<\/div>\n\t\t\t\t<div class=\"elementor-column elementor-col-25 elementor-inner-column elementor-element elementor-element-b7435af\" data-id=\"b7435af\" data-element_type=\"column\">\n\t\t\t<div class=\"elementor-widget-wrap elementor-element-populated\">\n\t\t\t\t\t\t\t\t<div class=\"elementor-element elementor-element-3c69f7d elementor-view-stacked elementor-shape-circle elementor-position-top elementor-vertical-align-top elementor-widget elementor-widget-icon-box\" data-id=\"3c69f7d\" data-element_type=\"widget\" data-widget_type=\"icon-box.default\">\n\t\t\t\t<div class=\"elementor-widget-container\">\n\t\t\t\t\t<div class=\"elementor-icon-box-wrapper\">\n\t\t\t\t\t\t<div class=\"elementor-icon-box-icon\">\n\t\t\t\t<a class=\"elementor-icon elementor-animation-grow\" href=\"\/lima\/?s&#038;content_type=mapas\">\n\t\t\t\t<i aria-hidden=\"true\" class=\"fas fa-map-marked-alt\"><\/i>\t\t\t\t<\/a>\n\t\t\t<\/div>\n\t\t\t\t\t\t<div class=\"elementor-icon-box-content\">\n\t\t\t\t<h3 class=\"elementor-icon-box-title\">\n\t\t\t\t\t<a href=\"\/lima\/?s&#038;content_type=mapas\" >\n\t\t\t\t\t\tMapas\t\t\t\t\t<\/a>\n\t\t\t\t<\/h3>\n\t\t\t\t\t\t\t\t\t<p class=\"elementor-icon-box-description\">\n\t\t\t\t\t\tAcceso a recursos digitales cartogr\u00e1ficos y tem\u00e1ticos georreferenciados a nivel regional y local.\t\t\t\t\t<\/p>\n\t\t\t\t\t\t\t<\/div>\n\t\t<\/div>\n\t\t\t\t<\/div>\n\t\t\t\t<\/div>\n\t\t\t\t\t<\/div>\n\t\t<\/div>\n\t\t\t\t\t\t\t<\/div>\n\t\t<\/section>\n\t\t\t\t\t<\/div>\n\t\t<\/div>\n\t\t\t\t\t\t\t<\/div>\n\t\t<\/section>\n\t\t\t\t<section class=\"elementor-section elementor-top-section elementor-element elementor-element-c12e02a elementor-section-boxed elementor-section-height-default elementor-section-height-default\" data-id=\"c12e02a\" data-element_type=\"section\">\n\t\t\t\t\t\t\t<div class=\"elementor-background-overlay\"><\/div>\n\t\t\t\t\t\t\t<div class=\"elementor-container elementor-column-gap-default\">\n\t\t\t\t\t<div class=\"elementor-column elementor-col-100 elementor-top-column elementor-element elementor-element-dfee68e\" data-id=\"dfee68e\" data-element_type=\"column\">\n\t\t\t<div class=\"elementor-widget-wrap elementor-element-populated\">\n\t\t\t\t\t\t\t\t<div class=\"elementor-element elementor-element-0347fc3 elementor-widget elementor-widget-heading\" data-id=\"0347fc3\" data-element_type=\"widget\" data-widget_type=\"heading.default\">\n\t\t\t\t<div class=\"elementor-widget-container\">\n\t\t\t<h2 class=\"elementor-heading-title elementor-size-default\">Antecedentes<\/h2>\t\t<\/div>\n\t\t\t\t<\/div>\n\t\t\t\t<section class=\"elementor-section elementor-inner-section elementor-element elementor-element-5171b91 elementor-section-boxed elementor-section-height-default elementor-section-height-default\" data-id=\"5171b91\" data-element_type=\"section\">\n\t\t\t\t\t\t<div class=\"elementor-container elementor-column-gap-default\">\n\t\t\t\t\t<div class=\"elementor-column elementor-col-50 elementor-inner-column elementor-element elementor-element-77c68a4\" data-id=\"77c68a4\" data-element_type=\"column\">\n\t\t\t<div class=\"elementor-widget-wrap elementor-element-populated\">\n\t\t\t\t\t\t\t\t<div class=\"elementor-element elementor-element-b758d12 elementor-widget elementor-widget-image\" data-id=\"b758d12\" data-element_type=\"widget\" data-widget_type=\"image.default\">\n\t\t\t\t<div class=\"elementor-widget-container\">\n\t\t\t\t\t\t\t\t\t\t\t\t\t\t\t<img width=\"800\" height=\"558\" src=\"https:\/\/sial.minam.gob.pe\/lima\/wp-content\/uploads\/2023\/12\/Lechuza_en_las_Lomas_del_Paraiso-1024x714.jpg\" class=\"attachment-large size-large\" alt=\"\" loading=\"lazy\" srcset=\"https:\/\/sial.minam.gob.pe\/lima\/wp-content\/uploads\/2023\/12\/Lechuza_en_las_Lomas_del_Paraiso-1024x714.jpg 1024w, https:\/\/sial.minam.gob.pe\/lima\/wp-content\/uploads\/2023\/12\/Lechuza_en_las_Lomas_del_Paraiso-300x209.jpg 300w, https:\/\/sial.minam.gob.pe\/lima\/wp-content\/uploads\/2023\/12\/Lechuza_en_las_Lomas_del_Paraiso-768x536.jpg 768w, https:\/\/sial.minam.gob.pe\/lima\/wp-content\/uploads\/2023\/12\/Lechuza_en_las_Lomas_del_Paraiso-1536x1071.jpg 1536w, https:\/\/sial.minam.gob.pe\/lima\/wp-content\/uploads\/2023\/12\/Lechuza_en_las_Lomas_del_Paraiso-2048x1428.jpg 2048w\" sizes=\"(max-width: 800px) 100vw, 800px\" \/>\t\t\t\t\t\t\t\t\t\t\t\t\t\t\t<\/div>\n\t\t\t\t<\/div>\n\t\t\t\t\t<\/div>\n\t\t<\/div>\n\t\t\t\t<div class=\"elementor-column elementor-col-50 elementor-inner-column elementor-element elementor-element-a18774c\" data-id=\"a18774c\" data-element_type=\"column\">\n\t\t\t<div class=\"elementor-widget-wrap elementor-element-populated\">\n\t\t\t\t\t\t\t\t<div class=\"elementor-element elementor-element-bc3b175 elementor-widget elementor-widget-text-editor\" data-id=\"bc3b175\" data-element_type=\"widget\" data-widget_type=\"text-editor.default\">\n\t\t\t\t<div class=\"elementor-widget-container\">\n\t\t\t\t\t\t\t<p>En Octubre del 2005 se aprueba la Ley N\u00ba 28611 \u201cLey General del Ambiente\u201d, el cual se constituye en la norma ordenadora del marco normativo legal para la gesti\u00f3n ambiental en el Per\u00fa. Establece los principios y normas b\u00e1sicas para asegurar el efectivo ejercicio del derecho a un ambiente saludable, equilibrado y adecuado para el pleno desarrollo de la vida, as\u00ed como el cumplimiento del deber de contribuir a una efectiva gesti\u00f3n ambiental y de proteger el ambiente, as\u00ed como sus componentes, con el objetivo de mejorar la calidad de vida de la poblaci\u00f3n y lograr el desarrollo sostenible del pa\u00eds.<\/p><p>El art\u00edculo N\u00ba44\u00a0 establece que los informes y documentos resultantes de las actividades cient\u00edficas, t\u00e9cnicas y de monitoreo de la calidad del ambiente y de sus componentes, as\u00ed como los que se generen en el ejercicio de las funciones ambientales que ejercen las entidades p\u00fablicas, deben ser incorporados al SINIA, a fin de facilitar su acceso para las entidades p\u00fablicas y privadas, en el marco de las normas y limitaciones establecidas en las normas de transparencia y acceso a la informaci\u00f3n p\u00fablica\u201d.<\/p><p>El SIAL Lima es un nodo del SINIA y como tal ha sido creado en el a\u00f1o 2006, como el instrumento de gesti\u00f3n ambiental, destinado a concentrar la informaci\u00f3n ambiental, para ser ofrecida a los diversos usuarios, de conformidad con lo dispuesto en la legislaci\u00f3n vigente.<\/p>\t\t\t\t\t\t<\/div>\n\t\t\t\t<\/div>\n\t\t\t\t\t<\/div>\n\t\t<\/div>\n\t\t\t\t\t\t\t<\/div>\n\t\t<\/section>\n\t\t\t\t\t<\/div>\n\t\t<\/div>\n\t\t\t\t\t\t\t<\/div>\n\t\t<\/section>\n\t\t\t\t\t\t<\/div>\n\t\t\t\t\t<\/div>\n\t\t","protected":false},"excerpt":{"rendered":"<p>Acerca del SIAL El Sistema de Informaci\u00f3n Ambiental Local (SIAL) se desarrolla con la finalidad de servir como herramienta de apoyo a la implementaci\u00f3n del Sistema Nacional de Gesti\u00f3n Ambiental y es parte conformante del Sistema Nacional de Informaci\u00f3n Ambiental. El proceso de coordinaci\u00f3n para la implementaci\u00f3n\u00a0 de los SIAL\u2019s a nivel nacional recae en [&hellip;]<\/p>\n","protected":false},"author":1,"featured_media":0,"parent":0,"menu_order":0,"comment_status":"closed","ping_status":"closed","template":"","meta":[],"yoast_head":"<!-- This site is optimized with the Yoast SEO plugin v18.3 - https:\/\/yoast.com\/wordpress\/plugins\/seo\/ -->\n<title>Acerca de | SIAL Lima<\/title>\n<meta name=\"robots\" content=\"index, follow, max-snippet:-1, max-image-preview:large, max-video-preview:-1\" \/>\n<link rel=\"canonical\" href=\"https:\/\/sial.minam.gob.pe\/lima\/acerca-de\/\" \/>\n<meta property=\"og:locale\" content=\"es_ES\" \/>\n<meta property=\"og:type\" content=\"article\" \/>\n<meta property=\"og:title\" content=\"Acerca de | SIAL Lima\" \/>\n<meta property=\"og:description\" content=\"Acerca del SIAL El Sistema de Informaci\u00f3n Ambiental Local (SIAL) se desarrolla con la finalidad de servir como herramienta de apoyo a la implementaci\u00f3n del Sistema Nacional de Gesti\u00f3n Ambiental y es parte conformante del Sistema Nacional de Informaci\u00f3n Ambiental. El proceso de coordinaci\u00f3n para la implementaci\u00f3n\u00a0 de los SIAL\u2019s a nivel nacional recae en [&hellip;]\" \/>\n<meta property=\"og:url\" content=\"https:\/\/sial.minam.gob.pe\/lima\/acerca-de\/\" \/>\n<meta property=\"og:site_name\" content=\"SIAL Lima\" \/>\n<meta property=\"article:modified_time\" content=\"2024-01-09T15:27:44+00:00\" \/>\n<meta property=\"og:image\" content=\"https:\/\/sial.minam.gob.pe\/lima\/wp-content\/uploads\/2023\/09\/logo-SIAL1.png\" \/>\n<meta name=\"twitter:card\" content=\"summary_large_image\" \/>\n<meta name=\"twitter:label1\" content=\"Tiempo de lectura\" \/>\n\t<meta name=\"twitter:data1\" content=\"3 minutos\" \/>\n<script type=\"application\/ld+json\" class=\"yoast-schema-graph\">{\"@context\":\"https:\/\/schema.org\",\"@graph\":[{\"@type\":\"WebSite\",\"@id\":\"https:\/\/sial.minam.gob.pe\/lima\/#website\",\"url\":\"https:\/\/sial.minam.gob.pe\/lima\/\",\"name\":\"SIAL Lima\",\"description\":\"P\u00e1gina\",\"potentialAction\":[{\"@type\":\"SearchAction\",\"target\":{\"@type\":\"EntryPoint\",\"urlTemplate\":\"https:\/\/sial.minam.gob.pe\/lima\/?s={search_term_string}\"},\"query-input\":\"required name=search_term_string\"}],\"inLanguage\":\"es\"},{\"@type\":\"ImageObject\",\"@id\":\"https:\/\/sial.minam.gob.pe\/lima\/acerca-de\/#primaryimage\",\"inLanguage\":\"es\",\"url\":\"https:\/\/sial.minam.gob.pe\/lima\/wp-content\/uploads\/2023\/09\/logo-SIAL1.png\",\"contentUrl\":\"https:\/\/sial.minam.gob.pe\/lima\/wp-content\/uploads\/2023\/09\/logo-SIAL1.png\",\"width\":846,\"height\":337},{\"@type\":\"WebPage\",\"@id\":\"https:\/\/sial.minam.gob.pe\/lima\/acerca-de\/#webpage\",\"url\":\"https:\/\/sial.minam.gob.pe\/lima\/acerca-de\/\",\"name\":\"Acerca de | SIAL Lima\",\"isPartOf\":{\"@id\":\"https:\/\/sial.minam.gob.pe\/lima\/#website\"},\"primaryImageOfPage\":{\"@id\":\"https:\/\/sial.minam.gob.pe\/lima\/acerca-de\/#primaryimage\"},\"datePublished\":\"2022-02-03T15:37:31+00:00\",\"dateModified\":\"2024-01-09T15:27:44+00:00\",\"breadcrumb\":{\"@id\":\"https:\/\/sial.minam.gob.pe\/lima\/acerca-de\/#breadcrumb\"},\"inLanguage\":\"es\",\"potentialAction\":[{\"@type\":\"ReadAction\",\"target\":[\"https:\/\/sial.minam.gob.pe\/lima\/acerca-de\/\"]}]},{\"@type\":\"BreadcrumbList\",\"@id\":\"https:\/\/sial.minam.gob.pe\/lima\/acerca-de\/#breadcrumb\",\"itemListElement\":[{\"@type\":\"ListItem\",\"position\":1,\"name\":\"Inicio\",\"item\":\"https:\/\/sial.minam.gob.pe\/lima\/\"},{\"@type\":\"ListItem\",\"position\":2,\"name\":\"Acerca de\"}]}]}<\/script>\n<!-- \/ Yoast SEO plugin. -->","yoast_head_json":{"title":"Acerca de | SIAL Lima","robots":{"index":"index","follow":"follow","max-snippet":"max-snippet:-1","max-image-preview":"max-image-preview:large","max-video-preview":"max-video-preview:-1"},"canonical":"https:\/\/sial.minam.gob.pe\/lima\/acerca-de\/","og_locale":"es_ES","og_type":"article","og_title":"Acerca de | SIAL Lima","og_description":"Acerca del SIAL El Sistema de Informaci\u00f3n Ambiental Local (SIAL) se desarrolla con la finalidad de servir como herramienta de apoyo a la implementaci\u00f3n del Sistema Nacional de Gesti\u00f3n Ambiental y es parte conformante del Sistema Nacional de Informaci\u00f3n Ambiental. El proceso de coordinaci\u00f3n para la implementaci\u00f3n\u00a0 de los SIAL\u2019s a nivel nacional recae en [&hellip;]","og_url":"https:\/\/sial.minam.gob.pe\/lima\/acerca-de\/","og_site_name":"SIAL Lima","article_modified_time":"2024-01-09T15:27:44+00:00","og_image":[{"url":"https:\/\/sial.minam.gob.pe\/lima\/wp-content\/uploads\/2023\/09\/logo-SIAL1.png"}],"twitter_card":"summary_large_image","twitter_misc":{"Tiempo de lectura":"3 minutos"},"schema":{"@context":"https:\/\/schema.org","@graph":[{"@type":"WebSite","@id":"https:\/\/sial.minam.gob.pe\/lima\/#website","url":"https:\/\/sial.minam.gob.pe\/lima\/","name":"SIAL Lima","description":"P\u00e1gina","potentialAction":[{"@type":"SearchAction","target":{"@type":"EntryPoint","urlTemplate":"https:\/\/sial.minam.gob.pe\/lima\/?s={search_term_string}"},"query-input":"required name=search_term_string"}],"inLanguage":"es"},{"@type":"ImageObject","@id":"https:\/\/sial.minam.gob.pe\/lima\/acerca-de\/#primaryimage","inLanguage":"es","url":"https:\/\/sial.minam.gob.pe\/lima\/wp-content\/uploads\/2023\/09\/logo-SIAL1.png","contentUrl":"https:\/\/sial.minam.gob.pe\/lima\/wp-content\/uploads\/2023\/09\/logo-SIAL1.png","width":846,"height":337},{"@type":"WebPage","@id":"https:\/\/sial.minam.gob.pe\/lima\/acerca-de\/#webpage","url":"https:\/\/sial.minam.gob.pe\/lima\/acerca-de\/","name":"Acerca de | SIAL Lima","isPartOf":{"@id":"https:\/\/sial.minam.gob.pe\/lima\/#website"},"primaryImageOfPage":{"@id":"https:\/\/sial.minam.gob.pe\/lima\/acerca-de\/#primaryimage"},"datePublished":"2022-02-03T15:37:31+00:00","dateModified":"2024-01-09T15:27:44+00:00","breadcrumb":{"@id":"https:\/\/sial.minam.gob.pe\/lima\/acerca-de\/#breadcrumb"},"inLanguage":"es","potentialAction":[{"@type":"ReadAction","target":["https:\/\/sial.minam.gob.pe\/lima\/acerca-de\/"]}]},{"@type":"BreadcrumbList","@id":"https:\/\/sial.minam.gob.pe\/lima\/acerca-de\/#breadcrumb","itemListElement":[{"@type":"ListItem","position":1,"name":"Inicio","item":"https:\/\/sial.minam.gob.pe\/lima\/"},{"@type":"ListItem","position":2,"name":"Acerca de"}]}]}},"_links":{"self":[{"href":"https:\/\/sial.minam.gob.pe\/lima\/wp-json\/wp\/v2\/pages\/96"}],"collection":[{"href":"https:\/\/sial.minam.gob.pe\/lima\/wp-json\/wp\/v2\/pages"}],"about":[{"href":"https:\/\/sial.minam.gob.pe\/lima\/wp-json\/wp\/v2\/types\/page"}],"author":[{"embeddable":true,"href":"https:\/\/sial.minam.gob.pe\/lima\/wp-json\/wp\/v2\/users\/1"}],"replies":[{"embeddable":true,"href":"https:\/\/sial.minam.gob.pe\/lima\/wp-json\/wp\/v2\/comments?post=96"}],"version-history":[{"count":103,"href":"https:\/\/sial.minam.gob.pe\/lima\/wp-json\/wp\/v2\/pages\/96\/revisions"}],"predecessor-version":[{"id":4202,"href":"https:\/\/sial.minam.gob.pe\/lima\/wp-json\/wp\/v2\/pages\/96\/revisions\/4202"}],"wp:attachment":[{"href":"https:\/\/sial.minam.gob.pe\/lima\/wp-json\/wp\/v2\/media?parent=96"}],"curies":[{"name":"wp","href":"https:\/\/api.w.org\/{rel}","templated":true}]}}