{"id":2172,"date":"2022-03-02T16:37:19","date_gmt":"2022-03-02T21:37:19","guid":{"rendered":"http:\/\/siarapurimac.codigoydatos.com\/?page_id=2172"},"modified":"2024-01-09T10:34:02","modified_gmt":"2024-01-09T15:34:02","slug":"que-es-el-siar","status":"publish","type":"page","link":"https:\/\/sial.minam.gob.pe\/espinar\/que-es-el-siar\/","title":{"rendered":"Qu\u00e9 es el SIAR"},"content":{"rendered":"\t\t<div data-elementor-type=\"wp-page\" data-elementor-id=\"2172\" class=\"elementor elementor-2172\" data-elementor-settings=\"[]\">\n\t\t\t\t\t\t\t<div class=\"elementor-section-wrap\">\n\t\t\t\t\t\t\t<section class=\"elementor-section elementor-top-section elementor-element elementor-element-b2b2822 elementor-section-height-min-height elementor-section-boxed elementor-section-height-default elementor-section-items-middle\" data-id=\"b2b2822\" data-element_type=\"section\" data-settings=\"{&quot;background_background&quot;:&quot;classic&quot;}\">\n\t\t\t\t\t\t\t<div class=\"elementor-background-overlay\"><\/div>\n\t\t\t\t\t\t\t<div class=\"elementor-container elementor-column-gap-default\">\n\t\t\t\t\t<div class=\"elementor-column elementor-col-100 elementor-top-column elementor-element elementor-element-26587a7\" data-id=\"26587a7\" data-element_type=\"column\" data-settings=\"{&quot;background_background&quot;:&quot;classic&quot;}\">\n\t\t\t<div class=\"elementor-widget-wrap elementor-element-populated\">\n\t\t\t\t\t\t\t\t<div class=\"elementor-element elementor-element-2968b89 elementor-align-center elementor-widget elementor-widget-breadcrumbs\" data-id=\"2968b89\" data-element_type=\"widget\" data-widget_type=\"breadcrumbs.default\">\n\t\t\t\t<div class=\"elementor-widget-container\">\n\t\t\t<p id=\"breadcrumbs\"><span><span><a href=\"https:\/\/sial.minam.gob.pe\/espinar\/\">Inicio<\/a><\/span><\/p>\t\t<\/div>\n\t\t\t\t<\/div>\n\t\t\t\t\t<\/div>\n\t\t<\/div>\n\t\t\t\t\t\t\t<\/div>\n\t\t<\/section>\n\t\t\t\t<section class=\"elementor-section elementor-top-section elementor-element elementor-element-4543e55 elementor-section-height-min-height elementor-section-boxed elementor-section-height-default elementor-section-items-middle\" data-id=\"4543e55\" data-element_type=\"section\">\n\t\t\t\t\t\t<div class=\"elementor-container elementor-column-gap-default\">\n\t\t\t\t\t<div class=\"elementor-column elementor-col-50 elementor-top-column elementor-element elementor-element-4a559fe\" data-id=\"4a559fe\" data-element_type=\"column\">\n\t\t\t<div class=\"elementor-widget-wrap elementor-element-populated\">\n\t\t\t\t\t\t\t\t<div class=\"elementor-element elementor-element-e83558f elementor-widget elementor-widget-heading\" data-id=\"e83558f\" data-element_type=\"widget\" data-widget_type=\"heading.default\">\n\t\t\t\t<div class=\"elementor-widget-container\">\n\t\t\t<h2 class=\"elementor-heading-title elementor-size-default\">Acerca del SIAL<\/h2>\t\t<\/div>\n\t\t\t\t<\/div>\n\t\t\t\t<div class=\"elementor-element elementor-element-b98ed8b elementor-widget elementor-widget-text-editor\" data-id=\"b98ed8b\" data-element_type=\"widget\" data-widget_type=\"text-editor.default\">\n\t\t\t\t<div class=\"elementor-widget-container\">\n\t\t\t\t\t\t\t<p>El Sistema de Informaci\u00f3n Ambiental Local (SIAL) se desarrolla con la finalidad de servir como herramienta de apoyo a la implementaci\u00f3n del Sistema Nacional de Gesti\u00f3n Ambiental y es parte conformante del Sistema Nacional de Informaci\u00f3n Ambiental. El proceso de coordinaci\u00f3n para la implementaci\u00f3n\u00a0 de los SIAL\u2019s a nivel nacional recae en la Direcci\u00f3n de Informaci\u00f3n, Investigaci\u00f3n e Innovaci\u00f3n Ambiental del Vice ministerio de Gesti\u00f3n Ambiental, quienes ejecutan sus funciones en virtud a aquellas asignadas al Ministerio del Ambiente en el Articulo de 5\u00aa de su ley de creaci\u00f3n que establece que es funci\u00f3n compartida del MINAM \u201cPrestar apoyo t\u00e9cnico a los Gobiernos Regionales y Locales para el adecuado cumplimiento de las funciones ambientales descentralizadas\u201d.<\/p>\t\t\t\t\t\t<\/div>\n\t\t\t\t<\/div>\n\t\t\t\t\t<\/div>\n\t\t<\/div>\n\t\t\t\t<div class=\"elementor-column elementor-col-50 elementor-top-column elementor-element elementor-element-496755c\" data-id=\"496755c\" data-element_type=\"column\">\n\t\t\t<div class=\"elementor-widget-wrap elementor-element-populated\">\n\t\t\t\t\t\t\t\t<div class=\"elementor-element elementor-element-549e698 elementor-widget elementor-widget-image\" data-id=\"549e698\" data-element_type=\"widget\" data-widget_type=\"image.default\">\n\t\t\t\t<div class=\"elementor-widget-container\">\n\t\t\t\t\t\t\t\t\t\t\t\t\t\t\t<img width=\"800\" height=\"319\" src=\"https:\/\/sial.minam.gob.pe\/espinar\/wp-content\/uploads\/2023\/09\/logo-SIAL1.png\" class=\"attachment-large size-large\" alt=\"\" loading=\"lazy\" srcset=\"https:\/\/sial.minam.gob.pe\/espinar\/wp-content\/uploads\/2023\/09\/logo-SIAL1.png 846w, https:\/\/sial.minam.gob.pe\/espinar\/wp-content\/uploads\/2023\/09\/logo-SIAL1-300x120.png 300w, https:\/\/sial.minam.gob.pe\/espinar\/wp-content\/uploads\/2023\/09\/logo-SIAL1-768x306.png 768w\" sizes=\"(max-width: 800px) 100vw, 800px\" \/>\t\t\t\t\t\t\t\t\t\t\t\t\t\t\t<\/div>\n\t\t\t\t<\/div>\n\t\t\t\t\t<\/div>\n\t\t<\/div>\n\t\t\t\t\t\t\t<\/div>\n\t\t<\/section>\n\t\t\t\t<section class=\"elementor-section elementor-top-section elementor-element elementor-element-717987a elementor-section-boxed elementor-section-height-default elementor-section-height-default\" data-id=\"717987a\" data-element_type=\"section\">\n\t\t\t\t\t\t\t<div class=\"elementor-background-overlay\"><\/div>\n\t\t\t\t\t\t\t<div class=\"elementor-container elementor-column-gap-default\">\n\t\t\t\t\t<div class=\"elementor-column elementor-col-100 elementor-top-column elementor-element elementor-element-03ad711\" data-id=\"03ad711\" data-element_type=\"column\">\n\t\t\t<div class=\"elementor-widget-wrap elementor-element-populated\">\n\t\t\t\t\t\t\t\t<div class=\"elementor-element elementor-element-951cc17 elementor-widget elementor-widget-heading\" data-id=\"951cc17\" data-element_type=\"widget\" data-widget_type=\"heading.default\">\n\t\t\t\t<div class=\"elementor-widget-container\">\n\t\t\t<h2 class=\"elementor-heading-title elementor-size-default\">Servicios del SIAL<\/h2>\t\t<\/div>\n\t\t\t\t<\/div>\n\t\t\t\t<section class=\"elementor-section elementor-inner-section elementor-element elementor-element-a51f9f3 elementor-section-boxed elementor-section-height-default elementor-section-height-default\" data-id=\"a51f9f3\" data-element_type=\"section\">\n\t\t\t\t\t\t<div class=\"elementor-container elementor-column-gap-default\">\n\t\t\t\t\t<div class=\"elementor-column elementor-col-25 elementor-inner-column elementor-element elementor-element-4ecca64\" data-id=\"4ecca64\" data-element_type=\"column\">\n\t\t\t<div class=\"elementor-widget-wrap elementor-element-populated\">\n\t\t\t\t\t\t\t\t<div class=\"elementor-element elementor-element-684d1b4 elementor-view-stacked elementor-shape-circle elementor-position-top elementor-vertical-align-top elementor-widget elementor-widget-icon-box\" data-id=\"684d1b4\" data-element_type=\"widget\" data-widget_type=\"icon-box.default\">\n\t\t\t\t<div class=\"elementor-widget-container\">\n\t\t\t\t\t<div class=\"elementor-icon-box-wrapper\">\n\t\t\t\t\t\t<div class=\"elementor-icon-box-icon\">\n\t\t\t\t<a class=\"elementor-icon elementor-animation-grow\" href=\"\/espinar\/?s&#038;content_type=documentos\">\n\t\t\t\t<i aria-hidden=\"true\" class=\"fas fa-book-reader\"><\/i>\t\t\t\t<\/a>\n\t\t\t<\/div>\n\t\t\t\t\t\t<div class=\"elementor-icon-box-content\">\n\t\t\t\t<h3 class=\"elementor-icon-box-title\">\n\t\t\t\t\t<a href=\"\/espinar\/?s&#038;content_type=documentos\" >\n\t\t\t\t\t\tPublicaciones\t\t\t\t\t<\/a>\n\t\t\t\t<\/h3>\n\t\t\t\t\t\t\t\t\t<p class=\"elementor-icon-box-description\">\n\t\t\t\t\t\tAcceso a material bibliogr\u00e1fico y hemerogr\u00e1fico en temas ambientales como libros, revistas, gu\u00edas, manuales e investigaciones.\t\t\t\t\t<\/p>\n\t\t\t\t\t\t\t<\/div>\n\t\t<\/div>\n\t\t\t\t<\/div>\n\t\t\t\t<\/div>\n\t\t\t\t\t<\/div>\n\t\t<\/div>\n\t\t\t\t<div class=\"elementor-column elementor-col-25 elementor-inner-column elementor-element elementor-element-4643993\" data-id=\"4643993\" data-element_type=\"column\">\n\t\t\t<div class=\"elementor-widget-wrap elementor-element-populated\">\n\t\t\t\t\t\t\t\t<div class=\"elementor-element elementor-element-7c3e5b4 elementor-view-stacked elementor-shape-circle elementor-position-top elementor-vertical-align-top elementor-widget elementor-widget-icon-box\" data-id=\"7c3e5b4\" data-element_type=\"widget\" data-widget_type=\"icon-box.default\">\n\t\t\t\t<div class=\"elementor-widget-container\">\n\t\t\t\t\t<div class=\"elementor-icon-box-wrapper\">\n\t\t\t\t\t\t<div class=\"elementor-icon-box-icon\">\n\t\t\t\t<a class=\"elementor-icon elementor-animation-grow\" href=\"\/espinar\/?s&#038;content_type=normatividad\">\n\t\t\t\t<i aria-hidden=\"true\" class=\"fas fa-balance-scale-right\"><\/i>\t\t\t\t<\/a>\n\t\t\t<\/div>\n\t\t\t\t\t\t<div class=\"elementor-icon-box-content\">\n\t\t\t\t<h3 class=\"elementor-icon-box-title\">\n\t\t\t\t\t<a href=\"\/espinar\/?s&#038;content_type=normatividad\" >\n\t\t\t\t\t\tNormatividad\t\t\t\t\t<\/a>\n\t\t\t\t<\/h3>\n\t\t\t\t\t\t\t\t\t<p class=\"elementor-icon-box-description\">\n\t\t\t\t\t\tAcceso a dispositivos legales como leyes, ordenanzas, resoluciones y otros instrumentos normativos de inter\u00e9s.\t\t\t\t\t<\/p>\n\t\t\t\t\t\t\t<\/div>\n\t\t<\/div>\n\t\t\t\t<\/div>\n\t\t\t\t<\/div>\n\t\t\t\t\t<\/div>\n\t\t<\/div>\n\t\t\t\t<div class=\"elementor-column elementor-col-25 elementor-inner-column elementor-element elementor-element-ce8bb75\" data-id=\"ce8bb75\" data-element_type=\"column\">\n\t\t\t<div class=\"elementor-widget-wrap elementor-element-populated\">\n\t\t\t\t\t\t\t\t<div class=\"elementor-element elementor-element-c7122f7 elementor-view-stacked elementor-shape-circle elementor-position-top elementor-vertical-align-top elementor-widget elementor-widget-icon-box\" data-id=\"c7122f7\" data-element_type=\"widget\" data-widget_type=\"icon-box.default\">\n\t\t\t\t<div class=\"elementor-widget-container\">\n\t\t\t\t\t<div class=\"elementor-icon-box-wrapper\">\n\t\t\t\t\t\t<div class=\"elementor-icon-box-icon\">\n\t\t\t\t<a class=\"elementor-icon elementor-animation-grow\" href=\"\/espinar\/estadistica-provincial\/\">\n\t\t\t\t<i aria-hidden=\"true\" class=\"fas fa-chart-pie\"><\/i>\t\t\t\t<\/a>\n\t\t\t<\/div>\n\t\t\t\t\t\t<div class=\"elementor-icon-box-content\">\n\t\t\t\t<h3 class=\"elementor-icon-box-title\">\n\t\t\t\t\t<a href=\"\/espinar\/estadistica-provincial\/\" >\n\t\t\t\t\t\tEstad\u00edsticas\t\t\t\t\t<\/a>\n\t\t\t\t<\/h3>\n\t\t\t\t\t\t\t\t\t<p class=\"elementor-icon-box-description\">\n\t\t\t\t\t\tConsulta y descarga de datos e informaci\u00f3n estad\u00edstica sobre los principales componentes ambientales.\t\t\t\t\t<\/p>\n\t\t\t\t\t\t\t<\/div>\n\t\t<\/div>\n\t\t\t\t<\/div>\n\t\t\t\t<\/div>\n\t\t\t\t\t<\/div>\n\t\t<\/div>\n\t\t\t\t<div class=\"elementor-column elementor-col-25 elementor-inner-column elementor-element elementor-element-29ae4ae\" data-id=\"29ae4ae\" data-element_type=\"column\">\n\t\t\t<div class=\"elementor-widget-wrap elementor-element-populated\">\n\t\t\t\t\t\t\t\t<div class=\"elementor-element elementor-element-0a332e1 elementor-view-stacked elementor-shape-circle elementor-position-top elementor-vertical-align-top elementor-widget elementor-widget-icon-box\" data-id=\"0a332e1\" data-element_type=\"widget\" data-widget_type=\"icon-box.default\">\n\t\t\t\t<div class=\"elementor-widget-container\">\n\t\t\t\t\t<div class=\"elementor-icon-box-wrapper\">\n\t\t\t\t\t\t<div class=\"elementor-icon-box-icon\">\n\t\t\t\t<a class=\"elementor-icon elementor-animation-grow\" href=\"\/espinar\/?s&#038;content_type=mapas\">\n\t\t\t\t<i aria-hidden=\"true\" class=\"fas fa-map-marked-alt\"><\/i>\t\t\t\t<\/a>\n\t\t\t<\/div>\n\t\t\t\t\t\t<div class=\"elementor-icon-box-content\">\n\t\t\t\t<h3 class=\"elementor-icon-box-title\">\n\t\t\t\t\t<a href=\"\/espinar\/?s&#038;content_type=mapas\" >\n\t\t\t\t\t\tMapas\t\t\t\t\t<\/a>\n\t\t\t\t<\/h3>\n\t\t\t\t\t\t\t\t\t<p class=\"elementor-icon-box-description\">\n\t\t\t\t\t\tAcceso a recursos digitales cartogr\u00e1ficos y tem\u00e1ticos georreferenciados a nivel regional y local.\t\t\t\t\t<\/p>\n\t\t\t\t\t\t\t<\/div>\n\t\t<\/div>\n\t\t\t\t<\/div>\n\t\t\t\t<\/div>\n\t\t\t\t\t<\/div>\n\t\t<\/div>\n\t\t\t\t\t\t\t<\/div>\n\t\t<\/section>\n\t\t\t\t\t<\/div>\n\t\t<\/div>\n\t\t\t\t\t\t\t<\/div>\n\t\t<\/section>\n\t\t\t\t<section class=\"elementor-section elementor-top-section elementor-element elementor-element-cfecc79 elementor-section-boxed elementor-section-height-default elementor-section-height-default\" data-id=\"cfecc79\" data-element_type=\"section\">\n\t\t\t\t\t\t\t<div class=\"elementor-background-overlay\"><\/div>\n\t\t\t\t\t\t\t<div class=\"elementor-container elementor-column-gap-default\">\n\t\t\t\t\t<div class=\"elementor-column elementor-col-100 elementor-top-column elementor-element elementor-element-84e7756\" data-id=\"84e7756\" data-element_type=\"column\">\n\t\t\t<div class=\"elementor-widget-wrap elementor-element-populated\">\n\t\t\t\t\t\t\t\t<div class=\"elementor-element elementor-element-8ef29b8 elementor-widget elementor-widget-heading\" data-id=\"8ef29b8\" data-element_type=\"widget\" data-widget_type=\"heading.default\">\n\t\t\t\t<div class=\"elementor-widget-container\">\n\t\t\t<h2 class=\"elementor-heading-title elementor-size-default\">Antecedentes<\/h2>\t\t<\/div>\n\t\t\t\t<\/div>\n\t\t\t\t<section class=\"elementor-section elementor-inner-section elementor-element elementor-element-84eae31 elementor-section-boxed elementor-section-height-default elementor-section-height-default\" data-id=\"84eae31\" data-element_type=\"section\">\n\t\t\t\t\t\t<div class=\"elementor-container elementor-column-gap-default\">\n\t\t\t\t\t<div class=\"elementor-column elementor-col-50 elementor-inner-column elementor-element elementor-element-83a18b1\" data-id=\"83a18b1\" data-element_type=\"column\">\n\t\t\t<div class=\"elementor-widget-wrap elementor-element-populated\">\n\t\t\t\t\t\t\t\t<div class=\"elementor-element elementor-element-3af57f4 elementor-widget elementor-widget-image\" data-id=\"3af57f4\" data-element_type=\"widget\" data-widget_type=\"image.default\">\n\t\t\t\t<div class=\"elementor-widget-container\">\n\t\t\t\t\t\t\t\t\t\t\t\t\t\t\t<img width=\"800\" height=\"533\" src=\"https:\/\/sial.minam.gob.pe\/espinar\/wp-content\/uploads\/2023\/12\/tres-canones-espinar-i.jpg\" class=\"attachment-large size-large\" alt=\"\" loading=\"lazy\" srcset=\"https:\/\/sial.minam.gob.pe\/espinar\/wp-content\/uploads\/2023\/12\/tres-canones-espinar-i.jpg 800w, https:\/\/sial.minam.gob.pe\/espinar\/wp-content\/uploads\/2023\/12\/tres-canones-espinar-i-300x200.jpg 300w, https:\/\/sial.minam.gob.pe\/espinar\/wp-content\/uploads\/2023\/12\/tres-canones-espinar-i-768x512.jpg 768w\" sizes=\"(max-width: 800px) 100vw, 800px\" \/>\t\t\t\t\t\t\t\t\t\t\t\t\t\t\t<\/div>\n\t\t\t\t<\/div>\n\t\t\t\t\t<\/div>\n\t\t<\/div>\n\t\t\t\t<div class=\"elementor-column elementor-col-50 elementor-inner-column elementor-element elementor-element-12a9bb4\" data-id=\"12a9bb4\" data-element_type=\"column\">\n\t\t\t<div class=\"elementor-widget-wrap elementor-element-populated\">\n\t\t\t\t\t\t\t\t<div class=\"elementor-element elementor-element-ba86fd0 elementor-widget elementor-widget-text-editor\" data-id=\"ba86fd0\" data-element_type=\"widget\" data-widget_type=\"text-editor.default\">\n\t\t\t\t<div class=\"elementor-widget-container\">\n\t\t\t\t\t\t\t<p>En Octubre del 2005 se aprueba la Ley N\u00ba 28611 \u201cLey General del Ambiente\u201d, el cual se constituye en la norma ordenadora del marco normativo legal para la gesti\u00f3n ambiental en el Per\u00fa. Establece los principios y normas b\u00e1sicas para asegurar el efectivo ejercicio del derecho a un ambiente saludable, equilibrado y adecuado para el pleno desarrollo de la vida, as\u00ed como el cumplimiento del deber de contribuir a una efectiva gesti\u00f3n ambiental y de proteger el ambiente, as\u00ed como sus componentes, con el objetivo de mejorar la calidad de vida de la poblaci\u00f3n y lograr el desarrollo sostenible del pa\u00eds.<\/p><p>El art\u00edculo N\u00ba44\u00a0 establece que los informes y documentos resultantes de las actividades cient\u00edficas, t\u00e9cnicas y de monitoreo de la calidad del ambiente y de sus componentes, as\u00ed como los que se generen en el ejercicio de las funciones ambientales que ejercen las entidades p\u00fablicas, deben ser incorporados al SINIA, a fin de facilitar su acceso para las entidades p\u00fablicas y privadas, en el marco de las normas y limitaciones establecidas en las normas de transparencia y acceso a la informaci\u00f3n p\u00fablica\u201d.<\/p><p>El SIAL Espinar es un nodo del SINIA y como tal ha sido creado en el a\u00f1o 2008, como el instrumento de gesti\u00f3n ambiental, destinado a concentrar la informaci\u00f3n ambiental de la Regi\u00f3n de Amazonas, para ser ofrecida a los diversos usuarios, de conformidad con lo dispuesto en la legislaci\u00f3n vigente.<\/p>\t\t\t\t\t\t<\/div>\n\t\t\t\t<\/div>\n\t\t\t\t\t<\/div>\n\t\t<\/div>\n\t\t\t\t\t\t\t<\/div>\n\t\t<\/section>\n\t\t\t\t\t<\/div>\n\t\t<\/div>\n\t\t\t\t\t\t\t<\/div>\n\t\t<\/section>\n\t\t\t\t\t\t<\/div>\n\t\t\t\t\t<\/div>\n\t\t","protected":false},"excerpt":{"rendered":"<p>Acerca del SIAL El Sistema de Informaci\u00f3n Ambiental Local (SIAL) se desarrolla con la finalidad de servir como herramienta de apoyo a la implementaci\u00f3n del Sistema Nacional de Gesti\u00f3n Ambiental y es parte conformante del Sistema Nacional de Informaci\u00f3n Ambiental. El proceso de coordinaci\u00f3n para la implementaci\u00f3n\u00a0 de los SIAL\u2019s a nivel nacional recae en [&hellip;]<\/p>\n","protected":false},"author":1,"featured_media":0,"parent":0,"menu_order":0,"comment_status":"closed","ping_status":"closed","template":"","meta":[],"yoast_head":"<!-- This site is optimized with the Yoast SEO plugin v18.3 - https:\/\/yoast.com\/wordpress\/plugins\/seo\/ -->\n<title>Qu\u00e9 es el SIAR | SIAL Espinar<\/title>\n<meta name=\"robots\" content=\"index, follow, max-snippet:-1, max-image-preview:large, max-video-preview:-1\" \/>\n<link rel=\"canonical\" href=\"https:\/\/sial.minam.gob.pe\/espinar\/que-es-el-siar\/\" \/>\n<meta property=\"og:locale\" content=\"es_ES\" \/>\n<meta property=\"og:type\" content=\"article\" \/>\n<meta property=\"og:title\" content=\"Qu\u00e9 es el SIAR | SIAL Espinar\" \/>\n<meta property=\"og:description\" content=\"Acerca del SIAL El Sistema de Informaci\u00f3n Ambiental Local (SIAL) se desarrolla con la finalidad de servir como herramienta de apoyo a la implementaci\u00f3n del Sistema Nacional de Gesti\u00f3n Ambiental y es parte conformante del Sistema Nacional de Informaci\u00f3n Ambiental. El proceso de coordinaci\u00f3n para la implementaci\u00f3n\u00a0 de los SIAL\u2019s a nivel nacional recae en [&hellip;]\" \/>\n<meta property=\"og:url\" content=\"https:\/\/sial.minam.gob.pe\/espinar\/que-es-el-siar\/\" \/>\n<meta property=\"og:site_name\" content=\"SIAL Espinar\" \/>\n<meta property=\"article:modified_time\" content=\"2024-01-09T15:34:02+00:00\" \/>\n<meta property=\"og:image\" content=\"https:\/\/sial.minam.gob.pe\/espinar\/wp-content\/uploads\/2023\/09\/logo-SIAL1.png\" \/>\n<meta name=\"twitter:card\" content=\"summary_large_image\" \/>\n<meta name=\"twitter:label1\" content=\"Tiempo de lectura\" \/>\n\t<meta name=\"twitter:data1\" content=\"3 minutos\" \/>\n<script type=\"application\/ld+json\" class=\"yoast-schema-graph\">{\"@context\":\"https:\/\/schema.org\",\"@graph\":[{\"@type\":\"WebSite\",\"@id\":\"https:\/\/sial.minam.gob.pe\/espinar\/#website\",\"url\":\"https:\/\/sial.minam.gob.pe\/espinar\/\",\"name\":\"SIAL Espinar\",\"description\":\"P\u00e1gina\",\"potentialAction\":[{\"@type\":\"SearchAction\",\"target\":{\"@type\":\"EntryPoint\",\"urlTemplate\":\"https:\/\/sial.minam.gob.pe\/espinar\/?s={search_term_string}\"},\"query-input\":\"required name=search_term_string\"}],\"inLanguage\":\"es\"},{\"@type\":\"ImageObject\",\"@id\":\"https:\/\/sial.minam.gob.pe\/espinar\/que-es-el-siar\/#primaryimage\",\"inLanguage\":\"es\",\"url\":\"https:\/\/sial.minam.gob.pe\/espinar\/wp-content\/uploads\/2023\/09\/logo-SIAL1.png\",\"contentUrl\":\"https:\/\/sial.minam.gob.pe\/espinar\/wp-content\/uploads\/2023\/09\/logo-SIAL1.png\",\"width\":846,\"height\":337},{\"@type\":\"WebPage\",\"@id\":\"https:\/\/sial.minam.gob.pe\/espinar\/que-es-el-siar\/#webpage\",\"url\":\"https:\/\/sial.minam.gob.pe\/espinar\/que-es-el-siar\/\",\"name\":\"Qu\u00e9 es el SIAR | SIAL Espinar\",\"isPartOf\":{\"@id\":\"https:\/\/sial.minam.gob.pe\/espinar\/#website\"},\"primaryImageOfPage\":{\"@id\":\"https:\/\/sial.minam.gob.pe\/espinar\/que-es-el-siar\/#primaryimage\"},\"datePublished\":\"2022-03-02T21:37:19+00:00\",\"dateModified\":\"2024-01-09T15:34:02+00:00\",\"breadcrumb\":{\"@id\":\"https:\/\/sial.minam.gob.pe\/espinar\/que-es-el-siar\/#breadcrumb\"},\"inLanguage\":\"es\",\"potentialAction\":[{\"@type\":\"ReadAction\",\"target\":[\"https:\/\/sial.minam.gob.pe\/espinar\/que-es-el-siar\/\"]}]},{\"@type\":\"BreadcrumbList\",\"@id\":\"https:\/\/sial.minam.gob.pe\/espinar\/que-es-el-siar\/#breadcrumb\",\"itemListElement\":[{\"@type\":\"ListItem\",\"position\":1,\"name\":\"Inicio\",\"item\":\"https:\/\/sial.minam.gob.pe\/espinar\/\"},{\"@type\":\"ListItem\",\"position\":2,\"name\":\"Qu\u00e9 es el SIAR\"}]}]}<\/script>\n<!-- \/ Yoast SEO plugin. -->","yoast_head_json":{"title":"Qu\u00e9 es el SIAR | SIAL Espinar","robots":{"index":"index","follow":"follow","max-snippet":"max-snippet:-1","max-image-preview":"max-image-preview:large","max-video-preview":"max-video-preview:-1"},"canonical":"https:\/\/sial.minam.gob.pe\/espinar\/que-es-el-siar\/","og_locale":"es_ES","og_type":"article","og_title":"Qu\u00e9 es el SIAR | SIAL Espinar","og_description":"Acerca del SIAL El Sistema de Informaci\u00f3n Ambiental Local (SIAL) se desarrolla con la finalidad de servir como herramienta de apoyo a la implementaci\u00f3n del Sistema Nacional de Gesti\u00f3n Ambiental y es parte conformante del Sistema Nacional de Informaci\u00f3n Ambiental. El proceso de coordinaci\u00f3n para la implementaci\u00f3n\u00a0 de los SIAL\u2019s a nivel nacional recae en [&hellip;]","og_url":"https:\/\/sial.minam.gob.pe\/espinar\/que-es-el-siar\/","og_site_name":"SIAL Espinar","article_modified_time":"2024-01-09T15:34:02+00:00","og_image":[{"url":"https:\/\/sial.minam.gob.pe\/espinar\/wp-content\/uploads\/2023\/09\/logo-SIAL1.png"}],"twitter_card":"summary_large_image","twitter_misc":{"Tiempo de lectura":"3 minutos"},"schema":{"@context":"https:\/\/schema.org","@graph":[{"@type":"WebSite","@id":"https:\/\/sial.minam.gob.pe\/espinar\/#website","url":"https:\/\/sial.minam.gob.pe\/espinar\/","name":"SIAL Espinar","description":"P\u00e1gina","potentialAction":[{"@type":"SearchAction","target":{"@type":"EntryPoint","urlTemplate":"https:\/\/sial.minam.gob.pe\/espinar\/?s={search_term_string}"},"query-input":"required name=search_term_string"}],"inLanguage":"es"},{"@type":"ImageObject","@id":"https:\/\/sial.minam.gob.pe\/espinar\/que-es-el-siar\/#primaryimage","inLanguage":"es","url":"https:\/\/sial.minam.gob.pe\/espinar\/wp-content\/uploads\/2023\/09\/logo-SIAL1.png","contentUrl":"https:\/\/sial.minam.gob.pe\/espinar\/wp-content\/uploads\/2023\/09\/logo-SIAL1.png","width":846,"height":337},{"@type":"WebPage","@id":"https:\/\/sial.minam.gob.pe\/espinar\/que-es-el-siar\/#webpage","url":"https:\/\/sial.minam.gob.pe\/espinar\/que-es-el-siar\/","name":"Qu\u00e9 es el SIAR | SIAL Espinar","isPartOf":{"@id":"https:\/\/sial.minam.gob.pe\/espinar\/#website"},"primaryImageOfPage":{"@id":"https:\/\/sial.minam.gob.pe\/espinar\/que-es-el-siar\/#primaryimage"},"datePublished":"2022-03-02T21:37:19+00:00","dateModified":"2024-01-09T15:34:02+00:00","breadcrumb":{"@id":"https:\/\/sial.minam.gob.pe\/espinar\/que-es-el-siar\/#breadcrumb"},"inLanguage":"es","potentialAction":[{"@type":"ReadAction","target":["https:\/\/sial.minam.gob.pe\/espinar\/que-es-el-siar\/"]}]},{"@type":"BreadcrumbList","@id":"https:\/\/sial.minam.gob.pe\/espinar\/que-es-el-siar\/#breadcrumb","itemListElement":[{"@type":"ListItem","position":1,"name":"Inicio","item":"https:\/\/sial.minam.gob.pe\/espinar\/"},{"@type":"ListItem","position":2,"name":"Qu\u00e9 es el SIAR"}]}]}},"_links":{"self":[{"href":"https:\/\/sial.minam.gob.pe\/espinar\/wp-json\/wp\/v2\/pages\/2172"}],"collection":[{"href":"https:\/\/sial.minam.gob.pe\/espinar\/wp-json\/wp\/v2\/pages"}],"about":[{"href":"https:\/\/sial.minam.gob.pe\/espinar\/wp-json\/wp\/v2\/types\/page"}],"author":[{"embeddable":true,"href":"https:\/\/sial.minam.gob.pe\/espinar\/wp-json\/wp\/v2\/users\/1"}],"replies":[{"embeddable":true,"href":"https:\/\/sial.minam.gob.pe\/espinar\/wp-json\/wp\/v2\/comments?post=2172"}],"version-history":[{"count":58,"href":"https:\/\/sial.minam.gob.pe\/espinar\/wp-json\/wp\/v2\/pages\/2172\/revisions"}],"predecessor-version":[{"id":4161,"href":"https:\/\/sial.minam.gob.pe\/espinar\/wp-json\/wp\/v2\/pages\/2172\/revisions\/4161"}],"wp:attachment":[{"href":"https:\/\/sial.minam.gob.pe\/espinar\/wp-json\/wp\/v2\/media?parent=2172"}],"curies":[{"name":"wp","href":"https:\/\/api.w.org\/{rel}","templated":true}]}}