{"id":96,"date":"2022-02-03T10:37:31","date_gmt":"2022-02-03T15:37:31","guid":{"rendered":"http:\/\/siarapurimac.codigoydatos.com\/?page_id=96"},"modified":"2024-01-08T18:05:27","modified_gmt":"2024-01-08T23:05:27","slug":"acerca-de","status":"publish","type":"page","link":"https:\/\/sial.minam.gob.pe\/cajabamba\/acerca-de\/","title":{"rendered":"Acerca de"},"content":{"rendered":"\t\t<div data-elementor-type=\"wp-page\" data-elementor-id=\"96\" class=\"elementor elementor-96\" data-elementor-settings=\"[]\">\n\t\t\t\t\t\t\t<div class=\"elementor-section-wrap\">\n\t\t\t\t\t\t\t<section class=\"elementor-section elementor-top-section elementor-element elementor-element-1426a7f elementor-section-height-min-height elementor-section-full_width elementor-section-height-default elementor-section-items-middle\" data-id=\"1426a7f\" data-element_type=\"section\" data-settings=\"{&quot;background_background&quot;:&quot;classic&quot;}\">\n\t\t\t\t\t\t\t<div class=\"elementor-background-overlay\"><\/div>\n\t\t\t\t\t\t\t<div class=\"elementor-container elementor-column-gap-default\">\n\t\t\t\t\t<div class=\"elementor-column elementor-col-100 elementor-top-column elementor-element elementor-element-f3fd25d\" data-id=\"f3fd25d\" data-element_type=\"column\" data-settings=\"{&quot;background_background&quot;:&quot;classic&quot;}\">\n\t\t\t<div class=\"elementor-widget-wrap elementor-element-populated\">\n\t\t\t\t\t\t\t\t<div class=\"elementor-element elementor-element-a2b3db1 elementor-align-center elementor-widget elementor-widget-breadcrumbs\" data-id=\"a2b3db1\" data-element_type=\"widget\" data-widget_type=\"breadcrumbs.default\">\n\t\t\t\t<div class=\"elementor-widget-container\">\n\t\t\t<p id=\"breadcrumbs\"><span><span><a href=\"https:\/\/sial.minam.gob.pe\/cajabamba\/\">Inicio<\/a><\/span><\/p>\t\t<\/div>\n\t\t\t\t<\/div>\n\t\t\t\t\t<\/div>\n\t\t<\/div>\n\t\t\t\t\t\t\t<\/div>\n\t\t<\/section>\n\t\t\t\t<section class=\"elementor-section elementor-top-section elementor-element elementor-element-5705e1d elementor-section-boxed elementor-section-height-default elementor-section-height-default\" data-id=\"5705e1d\" data-element_type=\"section\">\n\t\t\t\t\t\t<div class=\"elementor-container elementor-column-gap-default\">\n\t\t\t\t\t<div class=\"elementor-column elementor-col-100 elementor-top-column elementor-element elementor-element-8b8dc4d\" data-id=\"8b8dc4d\" data-element_type=\"column\">\n\t\t\t<div class=\"elementor-widget-wrap elementor-element-populated\">\n\t\t\t\t\t\t\t\t<div class=\"elementor-element elementor-element-a1ae8d8 elementor-widget elementor-widget-heading\" data-id=\"a1ae8d8\" data-element_type=\"widget\" data-widget_type=\"heading.default\">\n\t\t\t\t<div class=\"elementor-widget-container\">\n\t\t\t<h3 class=\"elementor-heading-title elementor-size-default\">Acerca del SIAR<\/h3>\t\t<\/div>\n\t\t\t\t<\/div>\n\t\t\t\t<section class=\"elementor-section elementor-inner-section elementor-element elementor-element-f3e83b9 elementor-section-boxed elementor-section-height-default elementor-section-height-default\" data-id=\"f3e83b9\" data-element_type=\"section\">\n\t\t\t\t\t\t<div class=\"elementor-container elementor-column-gap-default\">\n\t\t\t\t\t<div class=\"elementor-column elementor-col-50 elementor-inner-column elementor-element elementor-element-114b8d2\" data-id=\"114b8d2\" data-element_type=\"column\">\n\t\t\t<div class=\"elementor-widget-wrap elementor-element-populated\">\n\t\t\t\t\t\t\t\t<div class=\"elementor-element elementor-element-b1f94ec elementor-drop-cap-yes elementor-drop-cap-view-default elementor-widget elementor-widget-text-editor\" data-id=\"b1f94ec\" data-element_type=\"widget\" data-settings=\"{&quot;drop_cap&quot;:&quot;yes&quot;}\" data-widget_type=\"text-editor.default\">\n\t\t\t\t<div class=\"elementor-widget-container\">\n\t\t\t\t\t\t\t<p>El Sistema de Informaci\u00f3n Ambiental Regional (SIAR) se desarrolla con la finalidad de servir como herramienta de apoyo a la implementaci\u00f3n del Sistema Nacional de Gesti\u00f3n Ambiental y es parte conformante del Sistema Nacional de Informaci\u00f3n Ambiental. El proceso de coordinaci\u00f3n para la implementaci\u00f3n\u00a0 de los SIAR\u2019s a nivel nacional recae en la Direcci\u00f3n de Informaci\u00f3n, Investigaci\u00f3n e Innovaci\u00f3n Ambiental del Vice ministerio de Gesti\u00f3n Ambiental, quienes ejecutan sus funciones en virtud a aquellas asignadas al Ministerio del Ambiente en el Articulo de 5\u00aa de su ley de creaci\u00f3n que establece que es funci\u00f3n compartida del MINAM \u201cPrestar apoyo t\u00e9cnico a los Gobiernos Regionales y Locales para el adecuado cumplimiento de las funciones ambientales descentralizadas\u201d<\/p>\t\t\t\t\t\t<\/div>\n\t\t\t\t<\/div>\n\t\t\t\t\t<\/div>\n\t\t<\/div>\n\t\t\t\t<div class=\"elementor-column elementor-col-50 elementor-inner-column elementor-element elementor-element-1551f58\" data-id=\"1551f58\" data-element_type=\"column\">\n\t\t\t<div class=\"elementor-widget-wrap elementor-element-populated\">\n\t\t\t\t\t\t\t\t<div class=\"elementor-element elementor-element-c0c6e62 elementor-widget__width-inherit elementor-absolute elementor-widget elementor-widget-image\" data-id=\"c0c6e62\" data-element_type=\"widget\" data-settings=\"{&quot;_position&quot;:&quot;absolute&quot;}\" data-widget_type=\"image.default\">\n\t\t\t\t<div class=\"elementor-widget-container\">\n\t\t\t\t\t\t\t\t\t\t\t\t\t\t\t<img width=\"300\" height=\"120\" src=\"https:\/\/sial.minam.gob.pe\/cajabamba\/wp-content\/uploads\/2023\/09\/cropped-logo-SIAL1-300x120.png\" class=\"attachment-medium size-medium\" alt=\"Logotipo SIAL\" loading=\"lazy\" srcset=\"https:\/\/sial.minam.gob.pe\/cajabamba\/wp-content\/uploads\/2023\/09\/cropped-logo-SIAL1-300x120.png 300w, https:\/\/sial.minam.gob.pe\/cajabamba\/wp-content\/uploads\/2023\/09\/cropped-logo-SIAL1-768x306.png 768w, https:\/\/sial.minam.gob.pe\/cajabamba\/wp-content\/uploads\/2023\/09\/cropped-logo-SIAL1-e1694738786102.png 162w\" sizes=\"(max-width: 300px) 100vw, 300px\" \/>\t\t\t\t\t\t\t\t\t\t\t\t\t\t\t<\/div>\n\t\t\t\t<\/div>\n\t\t\t\t\t<\/div>\n\t\t<\/div>\n\t\t\t\t\t\t\t<\/div>\n\t\t<\/section>\n\t\t\t\t<div class=\"elementor-element elementor-element-aa50c90 elementor-widget-divider--view-line elementor-widget elementor-widget-divider\" data-id=\"aa50c90\" data-element_type=\"widget\" data-widget_type=\"divider.default\">\n\t\t\t\t<div class=\"elementor-widget-container\">\n\t\t\t\t\t<div class=\"elementor-divider\">\n\t\t\t<span class=\"elementor-divider-separator\">\n\t\t\t\t\t\t<\/span>\n\t\t<\/div>\n\t\t\t\t<\/div>\n\t\t\t\t<\/div>\n\t\t\t\t\t<\/div>\n\t\t<\/div>\n\t\t\t\t\t\t\t<\/div>\n\t\t<\/section>\n\t\t\t\t<section class=\"elementor-section elementor-top-section elementor-element elementor-element-baed89f elementor-section-boxed elementor-section-height-default elementor-section-height-default\" data-id=\"baed89f\" data-element_type=\"section\">\n\t\t\t\t\t\t\t<div class=\"elementor-background-overlay\"><\/div>\n\t\t\t\t\t\t\t<div class=\"elementor-container elementor-column-gap-default\">\n\t\t\t\t\t<div class=\"elementor-column elementor-col-100 elementor-top-column elementor-element elementor-element-bc08d23\" data-id=\"bc08d23\" data-element_type=\"column\">\n\t\t\t<div class=\"elementor-widget-wrap elementor-element-populated\">\n\t\t\t\t\t\t\t\t<div class=\"elementor-element elementor-element-0b9d224 elementor-widget elementor-widget-heading\" data-id=\"0b9d224\" data-element_type=\"widget\" data-widget_type=\"heading.default\">\n\t\t\t\t<div class=\"elementor-widget-container\">\n\t\t\t<h3 class=\"elementor-heading-title elementor-size-default\">Servicios  del SIAL<\/h3>\t\t<\/div>\n\t\t\t\t<\/div>\n\t\t\t\t<section class=\"elementor-section elementor-inner-section elementor-element elementor-element-c0ddad7 elementor-section-boxed elementor-section-height-default elementor-section-height-default\" data-id=\"c0ddad7\" data-element_type=\"section\">\n\t\t\t\t\t\t<div class=\"elementor-container elementor-column-gap-default\">\n\t\t\t\t\t<div class=\"elementor-column elementor-col-25 elementor-inner-column elementor-element elementor-element-eaa48c4\" data-id=\"eaa48c4\" data-element_type=\"column\">\n\t\t\t<div class=\"elementor-widget-wrap elementor-element-populated\">\n\t\t\t\t\t\t\t\t<div class=\"elementor-element elementor-element-7564753 elementor-view-stacked elementor-shape-circle elementor-position-top elementor-vertical-align-top elementor-widget elementor-widget-icon-box\" data-id=\"7564753\" data-element_type=\"widget\" data-widget_type=\"icon-box.default\">\n\t\t\t\t<div class=\"elementor-widget-container\">\n\t\t\t\t\t<div class=\"elementor-icon-box-wrapper\">\n\t\t\t\t\t\t<div class=\"elementor-icon-box-icon\">\n\t\t\t\t<a class=\"elementor-icon elementor-animation-grow\" href=\"\/cajabamba\/?s&#038;content_type=documentos\">\n\t\t\t\t<i aria-hidden=\"true\" class=\"fas fa-book-reader\"><\/i>\t\t\t\t<\/a>\n\t\t\t<\/div>\n\t\t\t\t\t\t<div class=\"elementor-icon-box-content\">\n\t\t\t\t<h3 class=\"elementor-icon-box-title\">\n\t\t\t\t\t<a href=\"\/cajabamba\/?s&#038;content_type=documentos\" >\n\t\t\t\t\t\tPublicaciones\t\t\t\t\t<\/a>\n\t\t\t\t<\/h3>\n\t\t\t\t\t\t\t\t\t<p class=\"elementor-icon-box-description\">\n\t\t\t\t\t\tAcceso a material bibliogr\u00e1fico y hemerogr\u00e1fico en temas ambientales como libros, revistas, gu\u00edas, manuales e investigaciones\t\t\t\t\t<\/p>\n\t\t\t\t\t\t\t<\/div>\n\t\t<\/div>\n\t\t\t\t<\/div>\n\t\t\t\t<\/div>\n\t\t\t\t\t<\/div>\n\t\t<\/div>\n\t\t\t\t<div class=\"elementor-column elementor-col-25 elementor-inner-column elementor-element elementor-element-8866e2e\" data-id=\"8866e2e\" data-element_type=\"column\">\n\t\t\t<div class=\"elementor-widget-wrap elementor-element-populated\">\n\t\t\t\t\t\t\t\t<div class=\"elementor-element elementor-element-e950880 elementor-view-stacked elementor-shape-circle elementor-position-top elementor-vertical-align-top elementor-widget elementor-widget-icon-box\" data-id=\"e950880\" data-element_type=\"widget\" data-widget_type=\"icon-box.default\">\n\t\t\t\t<div class=\"elementor-widget-container\">\n\t\t\t\t\t<div class=\"elementor-icon-box-wrapper\">\n\t\t\t\t\t\t<div class=\"elementor-icon-box-icon\">\n\t\t\t\t<a class=\"elementor-icon elementor-animation-grow\" href=\"\/cajabamba\/?s&#038;content_type=normatividad\">\n\t\t\t\t<i aria-hidden=\"true\" class=\"fas fa-balance-scale-right\"><\/i>\t\t\t\t<\/a>\n\t\t\t<\/div>\n\t\t\t\t\t\t<div class=\"elementor-icon-box-content\">\n\t\t\t\t<h3 class=\"elementor-icon-box-title\">\n\t\t\t\t\t<a href=\"\/cajabamba\/?s&#038;content_type=normatividad\" >\n\t\t\t\t\t\tNormatividad\t\t\t\t\t<\/a>\n\t\t\t\t<\/h3>\n\t\t\t\t\t\t\t\t\t<p class=\"elementor-icon-box-description\">\n\t\t\t\t\t\tAcceso a dispositivos legales como leyes, ordenanzas, resoluciones y otros instrumentos normativos de inter\u00e9s\t\t\t\t\t<\/p>\n\t\t\t\t\t\t\t<\/div>\n\t\t<\/div>\n\t\t\t\t<\/div>\n\t\t\t\t<\/div>\n\t\t\t\t\t<\/div>\n\t\t<\/div>\n\t\t\t\t<div class=\"elementor-column elementor-col-25 elementor-inner-column elementor-element elementor-element-531fd57\" data-id=\"531fd57\" data-element_type=\"column\">\n\t\t\t<div class=\"elementor-widget-wrap elementor-element-populated\">\n\t\t\t\t\t\t\t\t<div class=\"elementor-element elementor-element-b047368 elementor-view-stacked elementor-shape-circle elementor-position-top elementor-vertical-align-top elementor-widget elementor-widget-icon-box\" data-id=\"b047368\" data-element_type=\"widget\" data-widget_type=\"icon-box.default\">\n\t\t\t\t<div class=\"elementor-widget-container\">\n\t\t\t\t\t<div class=\"elementor-icon-box-wrapper\">\n\t\t\t\t\t\t<div class=\"elementor-icon-box-icon\">\n\t\t\t\t<a class=\"elementor-icon elementor-animation-grow\" href=\"\/cajabamba\/estadistica-provincial\/\">\n\t\t\t\t<i aria-hidden=\"true\" class=\"fas fa-chart-pie\"><\/i>\t\t\t\t<\/a>\n\t\t\t<\/div>\n\t\t\t\t\t\t<div class=\"elementor-icon-box-content\">\n\t\t\t\t<h3 class=\"elementor-icon-box-title\">\n\t\t\t\t\t<a href=\"\/cajabamba\/estadistica-provincial\/\" >\n\t\t\t\t\t\tEstad\u00edsticas\t\t\t\t\t<\/a>\n\t\t\t\t<\/h3>\n\t\t\t\t\t\t\t\t\t<p class=\"elementor-icon-box-description\">\n\t\t\t\t\t\tConsulta y descarga de datos e informaci\u00f3n estad\u00edstica sobre los principales componentes ambientales\t\t\t\t\t<\/p>\n\t\t\t\t\t\t\t<\/div>\n\t\t<\/div>\n\t\t\t\t<\/div>\n\t\t\t\t<\/div>\n\t\t\t\t\t<\/div>\n\t\t<\/div>\n\t\t\t\t<div class=\"elementor-column elementor-col-25 elementor-inner-column elementor-element elementor-element-e147659\" data-id=\"e147659\" data-element_type=\"column\">\n\t\t\t<div class=\"elementor-widget-wrap elementor-element-populated\">\n\t\t\t\t\t\t\t\t<div class=\"elementor-element elementor-element-3eb4d00 elementor-view-stacked elementor-shape-circle elementor-position-top elementor-vertical-align-top elementor-widget elementor-widget-icon-box\" data-id=\"3eb4d00\" data-element_type=\"widget\" data-widget_type=\"icon-box.default\">\n\t\t\t\t<div class=\"elementor-widget-container\">\n\t\t\t\t\t<div class=\"elementor-icon-box-wrapper\">\n\t\t\t\t\t\t<div class=\"elementor-icon-box-icon\">\n\t\t\t\t<a class=\"elementor-icon elementor-animation-grow\" href=\"\/cajabamba\/?s&#038;content_type=mapas\">\n\t\t\t\t<i aria-hidden=\"true\" class=\"fas fa-map-marked-alt\"><\/i>\t\t\t\t<\/a>\n\t\t\t<\/div>\n\t\t\t\t\t\t<div class=\"elementor-icon-box-content\">\n\t\t\t\t<h3 class=\"elementor-icon-box-title\">\n\t\t\t\t\t<a href=\"\/cajabamba\/?s&#038;content_type=mapas\" >\n\t\t\t\t\t\tMapas\t\t\t\t\t<\/a>\n\t\t\t\t<\/h3>\n\t\t\t\t\t\t\t\t\t<p class=\"elementor-icon-box-description\">\n\t\t\t\t\t\tAcceso a recursos digitales cartograficos y tem\u00e1ticos georreferencados a nivel regional y local\t\t\t\t\t<\/p>\n\t\t\t\t\t\t\t<\/div>\n\t\t<\/div>\n\t\t\t\t<\/div>\n\t\t\t\t<\/div>\n\t\t\t\t\t<\/div>\n\t\t<\/div>\n\t\t\t\t\t\t\t<\/div>\n\t\t<\/section>\n\t\t\t\t<div class=\"elementor-element elementor-element-a15dca9 elementor-widget-divider--view-line elementor-widget elementor-widget-divider\" data-id=\"a15dca9\" data-element_type=\"widget\" data-widget_type=\"divider.default\">\n\t\t\t\t<div class=\"elementor-widget-container\">\n\t\t\t\t\t<div class=\"elementor-divider\">\n\t\t\t<span class=\"elementor-divider-separator\">\n\t\t\t\t\t\t<\/span>\n\t\t<\/div>\n\t\t\t\t<\/div>\n\t\t\t\t<\/div>\n\t\t\t\t\t<\/div>\n\t\t<\/div>\n\t\t\t\t\t\t\t<\/div>\n\t\t<\/section>\n\t\t\t\t<section class=\"elementor-section elementor-top-section elementor-element elementor-element-c7450e6 elementor-section-boxed elementor-section-height-default elementor-section-height-default\" data-id=\"c7450e6\" data-element_type=\"section\">\n\t\t\t\t\t\t<div class=\"elementor-container elementor-column-gap-default\">\n\t\t\t\t\t<div class=\"elementor-column elementor-col-100 elementor-top-column elementor-element elementor-element-d66f566\" data-id=\"d66f566\" data-element_type=\"column\">\n\t\t\t<div class=\"elementor-widget-wrap elementor-element-populated\">\n\t\t\t\t\t\t\t\t<div class=\"elementor-element elementor-element-cc65af4 elementor-widget-divider--view-line elementor-widget elementor-widget-divider\" data-id=\"cc65af4\" data-element_type=\"widget\" data-widget_type=\"divider.default\">\n\t\t\t\t<div class=\"elementor-widget-container\">\n\t\t\t\t\t<div class=\"elementor-divider\">\n\t\t\t<span class=\"elementor-divider-separator\">\n\t\t\t\t\t\t<\/span>\n\t\t<\/div>\n\t\t\t\t<\/div>\n\t\t\t\t<\/div>\n\t\t\t\t<div class=\"elementor-element elementor-element-cfb13c7 elementor-widget elementor-widget-heading\" data-id=\"cfb13c7\" data-element_type=\"widget\" data-widget_type=\"heading.default\">\n\t\t\t\t<div class=\"elementor-widget-container\">\n\t\t\t<h4 class=\"elementor-heading-title elementor-size-default\">Antecedentes<\/h4>\t\t<\/div>\n\t\t\t\t<\/div>\n\t\t\t\t<section class=\"elementor-section elementor-inner-section elementor-element elementor-element-606e5cc elementor-section-boxed elementor-section-height-default elementor-section-height-default\" data-id=\"606e5cc\" data-element_type=\"section\">\n\t\t\t\t\t\t<div class=\"elementor-container elementor-column-gap-default\">\n\t\t\t\t\t<div class=\"elementor-column elementor-col-50 elementor-inner-column elementor-element elementor-element-01a74f5\" data-id=\"01a74f5\" data-element_type=\"column\">\n\t\t\t<div class=\"elementor-widget-wrap elementor-element-populated\">\n\t\t\t\t\t\t\t\t<div class=\"elementor-element elementor-element-d852a37 elementor-widget elementor-widget-image\" data-id=\"d852a37\" data-element_type=\"widget\" data-widget_type=\"image.default\">\n\t\t\t\t<div class=\"elementor-widget-container\">\n\t\t\t\t\t\t\t\t\t\t\t\t\t\t\t<img width=\"1024\" height=\"682\" src=\"https:\/\/sial.minam.gob.pe\/cajabamba\/wp-content\/uploads\/2023\/09\/64149740.webp\" class=\"attachment-full size-full\" alt=\"\" loading=\"lazy\" srcset=\"https:\/\/sial.minam.gob.pe\/cajabamba\/wp-content\/uploads\/2023\/09\/64149740.webp 1024w, https:\/\/sial.minam.gob.pe\/cajabamba\/wp-content\/uploads\/2023\/09\/64149740-300x200.webp 300w, https:\/\/sial.minam.gob.pe\/cajabamba\/wp-content\/uploads\/2023\/09\/64149740-768x512.webp 768w\" sizes=\"(max-width: 1024px) 100vw, 1024px\" \/>\t\t\t\t\t\t\t\t\t\t\t\t\t\t\t<\/div>\n\t\t\t\t<\/div>\n\t\t\t\t\t<\/div>\n\t\t<\/div>\n\t\t\t\t<div class=\"elementor-column elementor-col-50 elementor-inner-column elementor-element elementor-element-f676145\" data-id=\"f676145\" data-element_type=\"column\">\n\t\t\t<div class=\"elementor-widget-wrap elementor-element-populated\">\n\t\t\t\t\t\t\t\t<div class=\"elementor-element elementor-element-4db0b6c elementor-widget elementor-widget-text-editor\" data-id=\"4db0b6c\" data-element_type=\"widget\" data-widget_type=\"text-editor.default\">\n\t\t\t\t<div class=\"elementor-widget-container\">\n\t\t\t\t\t\t\t<p>En Octubre del 2005 se aprueba la Ley N\u00ba 28611 \u201cLey General del Ambiente\u201d, el cual se constituye en la norma ordenadora del marco normativo legal para la gesti\u00f3n ambiental en el Per\u00fa. Establece los principios y normas b\u00e1sicas para asegurar el efectivo ejercicio del derecho a un ambiente saludable, equilibrado y adecuado para el pleno desarrollo de la vida, as\u00ed como el cumplimiento del deber de contribuir a una efectiva gesti\u00f3n ambiental y de proteger el ambiente, as\u00ed como sus componentes, con el objetivo de mejorar la calidad de vida de la poblaci\u00f3n y lograr el desarrollo sostenible del pa\u00eds.<\/p><p>El art\u00edculo N\u00ba44\u00a0 esatblece que los informes y documentos resultantes de las actividades cient\u00edficas, t\u00e9cnicas y de monitoreo de la calidad del ambiente y de sus componentes, as\u00ed como los que se generen en el ejercicio de las funciones ambientales que ejercen las entidades p\u00fablicas, deben ser incorporados al SINIA, a fin de facilitar su acceso para las entidades p\u00fablicas y privadas, en el marco de las normas y limitaciones establecidas en las normas de transparencia y acceso a la informaci\u00f3n p\u00fablica\u201d.<\/p><p>El SIAL Cajabamba es un nodo del SINIA y como tal ha sido creado en el a\u00f1o 2005, como el instrumento de gesti\u00f3n ambiental, destinado a concentrar la informaci\u00f3n ambiental de la Regi\u00f3n de Amazonas, para ser ofrecida a los diversos usuarios, de conformidad con lo dispuesto en la legislaci\u00f3n vigente.<\/p>\t\t\t\t\t\t<\/div>\n\t\t\t\t<\/div>\n\t\t\t\t\t<\/div>\n\t\t<\/div>\n\t\t\t\t\t\t\t<\/div>\n\t\t<\/section>\n\t\t\t\t\t<\/div>\n\t\t<\/div>\n\t\t\t\t\t\t\t<\/div>\n\t\t<\/section>\n\t\t\t\t\t\t<\/div>\n\t\t\t\t\t<\/div>\n\t\t","protected":false},"excerpt":{"rendered":"<p>Acerca del SIAR El Sistema de Informaci\u00f3n Ambiental Regional (SIAR) se desarrolla con la finalidad de servir como herramienta de apoyo a la implementaci\u00f3n del Sistema Nacional de Gesti\u00f3n Ambiental y es parte conformante del Sistema Nacional de Informaci\u00f3n Ambiental. El proceso de coordinaci\u00f3n para la implementaci\u00f3n\u00a0 de los SIAR\u2019s a nivel nacional recae en [&hellip;]<\/p>\n","protected":false},"author":1,"featured_media":0,"parent":0,"menu_order":0,"comment_status":"closed","ping_status":"closed","template":"","meta":[],"yoast_head":"<!-- This site is optimized with the Yoast SEO plugin v18.3 - https:\/\/yoast.com\/wordpress\/plugins\/seo\/ -->\n<title>Acerca de | SIAL Cajabamba<\/title>\n<meta name=\"robots\" content=\"index, follow, max-snippet:-1, max-image-preview:large, max-video-preview:-1\" \/>\n<link rel=\"canonical\" href=\"https:\/\/sial.minam.gob.pe\/cajabamba\/acerca-de\/\" \/>\n<meta property=\"og:locale\" content=\"es_ES\" \/>\n<meta property=\"og:type\" content=\"article\" \/>\n<meta property=\"og:title\" content=\"Acerca de | SIAL Cajabamba\" \/>\n<meta property=\"og:description\" content=\"Acerca del SIAR El Sistema de Informaci\u00f3n Ambiental Regional (SIAR) se desarrolla con la finalidad de servir como herramienta de apoyo a la implementaci\u00f3n del Sistema Nacional de Gesti\u00f3n Ambiental y es parte conformante del Sistema Nacional de Informaci\u00f3n Ambiental. El proceso de coordinaci\u00f3n para la implementaci\u00f3n\u00a0 de los SIAR\u2019s a nivel nacional recae en [&hellip;]\" \/>\n<meta property=\"og:url\" content=\"https:\/\/sial.minam.gob.pe\/cajabamba\/acerca-de\/\" \/>\n<meta property=\"og:site_name\" content=\"SIAL Cajabamba\" \/>\n<meta property=\"article:modified_time\" content=\"2024-01-08T23:05:27+00:00\" \/>\n<meta property=\"og:image\" content=\"https:\/\/sial.minam.gob.pe\/cajabamba\/wp-content\/uploads\/2023\/09\/cropped-logo-SIAL1-300x120.png\" \/>\n<meta name=\"twitter:card\" content=\"summary_large_image\" \/>\n<meta name=\"twitter:label1\" content=\"Tiempo de lectura\" \/>\n\t<meta name=\"twitter:data1\" content=\"3 minutos\" \/>\n<script type=\"application\/ld+json\" class=\"yoast-schema-graph\">{\"@context\":\"https:\/\/schema.org\",\"@graph\":[{\"@type\":\"WebSite\",\"@id\":\"https:\/\/sial.minam.gob.pe\/cajabamba\/#website\",\"url\":\"https:\/\/sial.minam.gob.pe\/cajabamba\/\",\"name\":\"SIAL Cajabamba\",\"description\":\"P\u00e1gina\",\"potentialAction\":[{\"@type\":\"SearchAction\",\"target\":{\"@type\":\"EntryPoint\",\"urlTemplate\":\"https:\/\/sial.minam.gob.pe\/cajabamba\/?s={search_term_string}\"},\"query-input\":\"required name=search_term_string\"}],\"inLanguage\":\"es\"},{\"@type\":\"ImageObject\",\"@id\":\"https:\/\/sial.minam.gob.pe\/cajabamba\/acerca-de\/#primaryimage\",\"inLanguage\":\"es\",\"url\":\"https:\/\/sial.minam.gob.pe\/cajabamba\/wp-content\/uploads\/2023\/09\/cropped-logo-SIAL1-300x120.png\",\"contentUrl\":\"https:\/\/sial.minam.gob.pe\/cajabamba\/wp-content\/uploads\/2023\/09\/cropped-logo-SIAL1-300x120.png\"},{\"@type\":\"WebPage\",\"@id\":\"https:\/\/sial.minam.gob.pe\/cajabamba\/acerca-de\/#webpage\",\"url\":\"https:\/\/sial.minam.gob.pe\/cajabamba\/acerca-de\/\",\"name\":\"Acerca de | SIAL Cajabamba\",\"isPartOf\":{\"@id\":\"https:\/\/sial.minam.gob.pe\/cajabamba\/#website\"},\"primaryImageOfPage\":{\"@id\":\"https:\/\/sial.minam.gob.pe\/cajabamba\/acerca-de\/#primaryimage\"},\"datePublished\":\"2022-02-03T15:37:31+00:00\",\"dateModified\":\"2024-01-08T23:05:27+00:00\",\"breadcrumb\":{\"@id\":\"https:\/\/sial.minam.gob.pe\/cajabamba\/acerca-de\/#breadcrumb\"},\"inLanguage\":\"es\",\"potentialAction\":[{\"@type\":\"ReadAction\",\"target\":[\"https:\/\/sial.minam.gob.pe\/cajabamba\/acerca-de\/\"]}]},{\"@type\":\"BreadcrumbList\",\"@id\":\"https:\/\/sial.minam.gob.pe\/cajabamba\/acerca-de\/#breadcrumb\",\"itemListElement\":[{\"@type\":\"ListItem\",\"position\":1,\"name\":\"Inicio\",\"item\":\"https:\/\/sial.minam.gob.pe\/cajabamba\/\"},{\"@type\":\"ListItem\",\"position\":2,\"name\":\"Acerca de\"}]}]}<\/script>\n<!-- \/ Yoast SEO plugin. -->","yoast_head_json":{"title":"Acerca de | SIAL Cajabamba","robots":{"index":"index","follow":"follow","max-snippet":"max-snippet:-1","max-image-preview":"max-image-preview:large","max-video-preview":"max-video-preview:-1"},"canonical":"https:\/\/sial.minam.gob.pe\/cajabamba\/acerca-de\/","og_locale":"es_ES","og_type":"article","og_title":"Acerca de | SIAL Cajabamba","og_description":"Acerca del SIAR El Sistema de Informaci\u00f3n Ambiental Regional (SIAR) se desarrolla con la finalidad de servir como herramienta de apoyo a la implementaci\u00f3n del Sistema Nacional de Gesti\u00f3n Ambiental y es parte conformante del Sistema Nacional de Informaci\u00f3n Ambiental. El proceso de coordinaci\u00f3n para la implementaci\u00f3n\u00a0 de los SIAR\u2019s a nivel nacional recae en [&hellip;]","og_url":"https:\/\/sial.minam.gob.pe\/cajabamba\/acerca-de\/","og_site_name":"SIAL Cajabamba","article_modified_time":"2024-01-08T23:05:27+00:00","og_image":[{"url":"https:\/\/sial.minam.gob.pe\/cajabamba\/wp-content\/uploads\/2023\/09\/cropped-logo-SIAL1-300x120.png"}],"twitter_card":"summary_large_image","twitter_misc":{"Tiempo de lectura":"3 minutos"},"schema":{"@context":"https:\/\/schema.org","@graph":[{"@type":"WebSite","@id":"https:\/\/sial.minam.gob.pe\/cajabamba\/#website","url":"https:\/\/sial.minam.gob.pe\/cajabamba\/","name":"SIAL Cajabamba","description":"P\u00e1gina","potentialAction":[{"@type":"SearchAction","target":{"@type":"EntryPoint","urlTemplate":"https:\/\/sial.minam.gob.pe\/cajabamba\/?s={search_term_string}"},"query-input":"required name=search_term_string"}],"inLanguage":"es"},{"@type":"ImageObject","@id":"https:\/\/sial.minam.gob.pe\/cajabamba\/acerca-de\/#primaryimage","inLanguage":"es","url":"https:\/\/sial.minam.gob.pe\/cajabamba\/wp-content\/uploads\/2023\/09\/cropped-logo-SIAL1-300x120.png","contentUrl":"https:\/\/sial.minam.gob.pe\/cajabamba\/wp-content\/uploads\/2023\/09\/cropped-logo-SIAL1-300x120.png"},{"@type":"WebPage","@id":"https:\/\/sial.minam.gob.pe\/cajabamba\/acerca-de\/#webpage","url":"https:\/\/sial.minam.gob.pe\/cajabamba\/acerca-de\/","name":"Acerca de | SIAL Cajabamba","isPartOf":{"@id":"https:\/\/sial.minam.gob.pe\/cajabamba\/#website"},"primaryImageOfPage":{"@id":"https:\/\/sial.minam.gob.pe\/cajabamba\/acerca-de\/#primaryimage"},"datePublished":"2022-02-03T15:37:31+00:00","dateModified":"2024-01-08T23:05:27+00:00","breadcrumb":{"@id":"https:\/\/sial.minam.gob.pe\/cajabamba\/acerca-de\/#breadcrumb"},"inLanguage":"es","potentialAction":[{"@type":"ReadAction","target":["https:\/\/sial.minam.gob.pe\/cajabamba\/acerca-de\/"]}]},{"@type":"BreadcrumbList","@id":"https:\/\/sial.minam.gob.pe\/cajabamba\/acerca-de\/#breadcrumb","itemListElement":[{"@type":"ListItem","position":1,"name":"Inicio","item":"https:\/\/sial.minam.gob.pe\/cajabamba\/"},{"@type":"ListItem","position":2,"name":"Acerca de"}]}]}},"_links":{"self":[{"href":"https:\/\/sial.minam.gob.pe\/cajabamba\/wp-json\/wp\/v2\/pages\/96"}],"collection":[{"href":"https:\/\/sial.minam.gob.pe\/cajabamba\/wp-json\/wp\/v2\/pages"}],"about":[{"href":"https:\/\/sial.minam.gob.pe\/cajabamba\/wp-json\/wp\/v2\/types\/page"}],"author":[{"embeddable":true,"href":"https:\/\/sial.minam.gob.pe\/cajabamba\/wp-json\/wp\/v2\/users\/1"}],"replies":[{"embeddable":true,"href":"https:\/\/sial.minam.gob.pe\/cajabamba\/wp-json\/wp\/v2\/comments?post=96"}],"version-history":[{"count":124,"href":"https:\/\/sial.minam.gob.pe\/cajabamba\/wp-json\/wp\/v2\/pages\/96\/revisions"}],"predecessor-version":[{"id":4197,"href":"https:\/\/sial.minam.gob.pe\/cajabamba\/wp-json\/wp\/v2\/pages\/96\/revisions\/4197"}],"wp:attachment":[{"href":"https:\/\/sial.minam.gob.pe\/cajabamba\/wp-json\/wp\/v2\/media?parent=96"}],"curies":[{"name":"wp","href":"https:\/\/api.w.org\/{rel}","templated":true}]}}