{"id":4074,"date":"2023-12-05T14:15:13","date_gmt":"2023-12-05T19:15:13","guid":{"rendered":"https:\/\/sial.minam.gob.pe\/cajabamba\/?page_id=4074"},"modified":"2024-01-16T09:40:51","modified_gmt":"2024-01-16T14:40:51","slug":"estadistica-provincial","status":"publish","type":"page","link":"https:\/\/sial.minam.gob.pe\/cajabamba\/estadistica-provincial\/","title":{"rendered":"Estad\u00edstica Provincial"},"content":{"rendered":"\t\t<div data-elementor-type=\"wp-page\" data-elementor-id=\"4074\" class=\"elementor elementor-4074\" data-elementor-settings=\"[]\">\n\t\t\t\t\t\t\t<div class=\"elementor-section-wrap\">\n\t\t\t\t\t\t\t<section class=\"elementor-section elementor-top-section elementor-element elementor-element-515d38b elementor-section-height-min-height elementor-section-boxed elementor-section-height-default elementor-section-items-middle\" data-id=\"515d38b\" data-element_type=\"section\" data-settings=\"{&quot;background_background&quot;:&quot;classic&quot;}\">\n\t\t\t\t\t\t\t<div class=\"elementor-background-overlay\"><\/div>\n\t\t\t\t\t\t\t<div class=\"elementor-container elementor-column-gap-default\">\n\t\t\t\t\t<div class=\"elementor-column elementor-col-100 elementor-top-column elementor-element elementor-element-8de1c1f\" data-id=\"8de1c1f\" data-element_type=\"column\" data-settings=\"{&quot;background_background&quot;:&quot;classic&quot;}\">\n\t\t\t<div class=\"elementor-widget-wrap elementor-element-populated\">\n\t\t\t\t\t\t\t\t<div class=\"elementor-element elementor-element-91b9534 elementor-align-center elementor-hidden-desktop elementor-hidden-tablet elementor-hidden-mobile elementor-widget elementor-widget-breadcrumbs\" data-id=\"91b9534\" data-element_type=\"widget\" data-widget_type=\"breadcrumbs.default\">\n\t\t\t\t<div class=\"elementor-widget-container\">\n\t\t\t<p id=\"breadcrumbs\"><span><span><a href=\"https:\/\/sial.minam.gob.pe\/cajabamba\/\">Inicio<\/a><\/span><\/p>\t\t<\/div>\n\t\t\t\t<\/div>\n\t\t\t\t<div class=\"elementor-element elementor-element-c786089 elementor-icon-list--layout-inline elementor-align-center elementor-list-item-link-full_width elementor-widget elementor-widget-icon-list\" data-id=\"c786089\" data-element_type=\"widget\" data-widget_type=\"icon-list.default\">\n\t\t\t\t<div class=\"elementor-widget-container\">\n\t\t\t\t\t<ul class=\"elementor-icon-list-items elementor-inline-items\">\n\t\t\t\t\t\t\t<li class=\"elementor-icon-list-item elementor-inline-item\">\n\t\t\t\t\t\t\t\t\t\t\t<a href=\"https:\/\/sial.minam.gob.pe\/cajabamba\/\">\n\n\t\t\t\t\t\t\t\t\t\t\t<span class=\"elementor-icon-list-text\">Inicio<\/span>\n\t\t\t\t\t\t\t\t\t\t\t<\/a>\n\t\t\t\t\t\t\t\t\t<\/li>\n\t\t\t\t\t\t\t\t<li class=\"elementor-icon-list-item elementor-inline-item\">\n\t\t\t\t\t\t\t\t\t\t\t<span class=\"elementor-icon-list-icon\">\n\t\t\t\t\t\t\t<i aria-hidden=\"true\" class=\"fas fa-angle-right\"><\/i>\t\t\t\t\t\t<\/span>\n\t\t\t\t\t\t\t\t\t\t<span class=\"elementor-icon-list-text\">Estad\u00edstica Provincial<\/span>\n\t\t\t\t\t\t\t\t\t<\/li>\n\t\t\t\t\t\t<\/ul>\n\t\t\t\t<\/div>\n\t\t\t\t<\/div>\n\t\t\t\t\t<\/div>\n\t\t<\/div>\n\t\t\t\t\t\t\t<\/div>\n\t\t<\/section>\n\t\t\t\t<section class=\"elementor-section elementor-top-section elementor-element elementor-element-b86626e elementor-section-height-min-height elementor-section-boxed elementor-section-height-default elementor-section-items-middle\" data-id=\"b86626e\" data-element_type=\"section\">\n\t\t\t\t\t\t<div class=\"elementor-container elementor-column-gap-default\">\n\t\t\t\t\t<div class=\"elementor-column elementor-col-100 elementor-top-column elementor-element elementor-element-22f803f\" data-id=\"22f803f\" data-element_type=\"column\">\n\t\t\t<div class=\"elementor-widget-wrap elementor-element-populated\">\n\t\t\t\t\t\t\t\t<div class=\"elementor-element elementor-element-2138457 elementor-widget elementor-widget-heading\" data-id=\"2138457\" data-element_type=\"widget\" data-widget_type=\"heading.default\">\n\t\t\t\t<div class=\"elementor-widget-container\">\n\t\t\t<h3 class=\"elementor-heading-title elementor-size-default\">Estad\u00edsticas de Cajamarca<\/h3>\t\t<\/div>\n\t\t\t\t<\/div>\n\t\t\t\t<div class=\"elementor-element elementor-element-5f04a2b elementor-widget-divider--view-line elementor-widget elementor-widget-divider\" data-id=\"5f04a2b\" data-element_type=\"widget\" data-widget_type=\"divider.default\">\n\t\t\t\t<div class=\"elementor-widget-container\">\n\t\t\t\t\t<div class=\"elementor-divider\">\n\t\t\t<span class=\"elementor-divider-separator\">\n\t\t\t\t\t\t<\/span>\n\t\t<\/div>\n\t\t\t\t<\/div>\n\t\t\t\t<\/div>\n\t\t\t\t\t<\/div>\n\t\t<\/div>\n\t\t\t\t\t\t\t<\/div>\n\t\t<\/section>\n\t\t\t\t<section class=\"elementor-section elementor-top-section elementor-element elementor-element-68491cc elementor-section-boxed elementor-section-height-default elementor-section-height-default\" data-id=\"68491cc\" data-element_type=\"section\">\n\t\t\t\t\t\t<div class=\"elementor-container elementor-column-gap-default\">\n\t\t\t\t\t<div class=\"elementor-column elementor-col-100 elementor-top-column elementor-element elementor-element-d987e62\" data-id=\"d987e62\" data-element_type=\"column\">\n\t\t\t<div class=\"elementor-widget-wrap elementor-element-populated\">\n\t\t\t\t\t\t\t\t<div class=\"elementor-element elementor-element-8bc0063 elementor-widget elementor-widget-html\" data-id=\"8bc0063\" data-element_type=\"widget\" data-widget_type=\"html.default\">\n\t\t\t\t<div class=\"elementor-widget-container\">\n\t\t\t<iframe id=\"miIframe\" src=\"https:\/\/sinia-indicadores.web.app\/#\/estadisticas?region=06\" width=\"100%\" scrolling=\"no\" style=\"border: none;\"><\/iframe>\r\n\r\n<style>\r\n  @media screen and (min-width: 768px) and (max-width: 1200px) {\r\n    #miIframe {\r\n      height: 2400px;\r\n    }\r\n  }\r\n  @media screen and (min-width: 1201px) {\r\n    #miIframe {\r\n      height: 1800px;\r\n    }\r\n  }\r\n  @media screen and (max-width: 767px) {\r\n    #miIframe {\r\n      height: 3400px;\r\n    }\r\n  }\r\n<\/style>\r\n\t\t<\/div>\n\t\t\t\t<\/div>\n\t\t\t\t\t<\/div>\n\t\t<\/div>\n\t\t\t\t\t\t\t<\/div>\n\t\t<\/section>\n\t\t\t\t\t\t<\/div>\n\t\t\t\t\t<\/div>\n\t\t","protected":false},"excerpt":{"rendered":"<p>Inicio Estad\u00edstica Provincial Estad\u00edsticas de Cajamarca<\/p>\n","protected":false},"author":1,"featured_media":0,"parent":0,"menu_order":0,"comment_status":"closed","ping_status":"closed","template":"","meta":[],"yoast_head":"<!-- This site is optimized with the Yoast SEO plugin v18.3 - https:\/\/yoast.com\/wordpress\/plugins\/seo\/ -->\n<title>Estad\u00edstica Provincial | SIAL Cajabamba<\/title>\n<meta name=\"robots\" content=\"index, follow, max-snippet:-1, max-image-preview:large, max-video-preview:-1\" \/>\n<link rel=\"canonical\" href=\"https:\/\/sial.minam.gob.pe\/cajabamba\/estadistica-provincial\/\" \/>\n<meta property=\"og:locale\" content=\"es_ES\" \/>\n<meta property=\"og:type\" content=\"article\" \/>\n<meta property=\"og:title\" content=\"Estad\u00edstica Provincial | SIAL Cajabamba\" \/>\n<meta property=\"og:description\" content=\"Inicio Estad\u00edstica Provincial Estad\u00edsticas de Cajamarca\" \/>\n<meta property=\"og:url\" content=\"https:\/\/sial.minam.gob.pe\/cajabamba\/estadistica-provincial\/\" \/>\n<meta property=\"og:site_name\" content=\"SIAL Cajabamba\" \/>\n<meta property=\"article:modified_time\" content=\"2024-01-16T14:40:51+00:00\" \/>\n<meta name=\"twitter:card\" content=\"summary_large_image\" \/>\n<meta name=\"twitter:label1\" content=\"Tiempo de lectura\" \/>\n\t<meta name=\"twitter:data1\" content=\"1 minuto\" \/>\n<script type=\"application\/ld+json\" class=\"yoast-schema-graph\">{\"@context\":\"https:\/\/schema.org\",\"@graph\":[{\"@type\":\"WebSite\",\"@id\":\"https:\/\/sial.minam.gob.pe\/cajabamba\/#website\",\"url\":\"https:\/\/sial.minam.gob.pe\/cajabamba\/\",\"name\":\"SIAL Cajabamba\",\"description\":\"P\u00e1gina\",\"potentialAction\":[{\"@type\":\"SearchAction\",\"target\":{\"@type\":\"EntryPoint\",\"urlTemplate\":\"https:\/\/sial.minam.gob.pe\/cajabamba\/?s={search_term_string}\"},\"query-input\":\"required name=search_term_string\"}],\"inLanguage\":\"es\"},{\"@type\":\"WebPage\",\"@id\":\"https:\/\/sial.minam.gob.pe\/cajabamba\/estadistica-provincial\/#webpage\",\"url\":\"https:\/\/sial.minam.gob.pe\/cajabamba\/estadistica-provincial\/\",\"name\":\"Estad\u00edstica Provincial | SIAL Cajabamba\",\"isPartOf\":{\"@id\":\"https:\/\/sial.minam.gob.pe\/cajabamba\/#website\"},\"datePublished\":\"2023-12-05T19:15:13+00:00\",\"dateModified\":\"2024-01-16T14:40:51+00:00\",\"breadcrumb\":{\"@id\":\"https:\/\/sial.minam.gob.pe\/cajabamba\/estadistica-provincial\/#breadcrumb\"},\"inLanguage\":\"es\",\"potentialAction\":[{\"@type\":\"ReadAction\",\"target\":[\"https:\/\/sial.minam.gob.pe\/cajabamba\/estadistica-provincial\/\"]}]},{\"@type\":\"BreadcrumbList\",\"@id\":\"https:\/\/sial.minam.gob.pe\/cajabamba\/estadistica-provincial\/#breadcrumb\",\"itemListElement\":[{\"@type\":\"ListItem\",\"position\":1,\"name\":\"Inicio\",\"item\":\"https:\/\/sial.minam.gob.pe\/cajabamba\/\"},{\"@type\":\"ListItem\",\"position\":2,\"name\":\"Estad\u00edstica Provincial\"}]}]}<\/script>\n<!-- \/ Yoast SEO plugin. -->","yoast_head_json":{"title":"Estad\u00edstica Provincial | SIAL Cajabamba","robots":{"index":"index","follow":"follow","max-snippet":"max-snippet:-1","max-image-preview":"max-image-preview:large","max-video-preview":"max-video-preview:-1"},"canonical":"https:\/\/sial.minam.gob.pe\/cajabamba\/estadistica-provincial\/","og_locale":"es_ES","og_type":"article","og_title":"Estad\u00edstica Provincial | SIAL Cajabamba","og_description":"Inicio Estad\u00edstica Provincial Estad\u00edsticas de Cajamarca","og_url":"https:\/\/sial.minam.gob.pe\/cajabamba\/estadistica-provincial\/","og_site_name":"SIAL Cajabamba","article_modified_time":"2024-01-16T14:40:51+00:00","twitter_card":"summary_large_image","twitter_misc":{"Tiempo de lectura":"1 minuto"},"schema":{"@context":"https:\/\/schema.org","@graph":[{"@type":"WebSite","@id":"https:\/\/sial.minam.gob.pe\/cajabamba\/#website","url":"https:\/\/sial.minam.gob.pe\/cajabamba\/","name":"SIAL Cajabamba","description":"P\u00e1gina","potentialAction":[{"@type":"SearchAction","target":{"@type":"EntryPoint","urlTemplate":"https:\/\/sial.minam.gob.pe\/cajabamba\/?s={search_term_string}"},"query-input":"required name=search_term_string"}],"inLanguage":"es"},{"@type":"WebPage","@id":"https:\/\/sial.minam.gob.pe\/cajabamba\/estadistica-provincial\/#webpage","url":"https:\/\/sial.minam.gob.pe\/cajabamba\/estadistica-provincial\/","name":"Estad\u00edstica Provincial | SIAL Cajabamba","isPartOf":{"@id":"https:\/\/sial.minam.gob.pe\/cajabamba\/#website"},"datePublished":"2023-12-05T19:15:13+00:00","dateModified":"2024-01-16T14:40:51+00:00","breadcrumb":{"@id":"https:\/\/sial.minam.gob.pe\/cajabamba\/estadistica-provincial\/#breadcrumb"},"inLanguage":"es","potentialAction":[{"@type":"ReadAction","target":["https:\/\/sial.minam.gob.pe\/cajabamba\/estadistica-provincial\/"]}]},{"@type":"BreadcrumbList","@id":"https:\/\/sial.minam.gob.pe\/cajabamba\/estadistica-provincial\/#breadcrumb","itemListElement":[{"@type":"ListItem","position":1,"name":"Inicio","item":"https:\/\/sial.minam.gob.pe\/cajabamba\/"},{"@type":"ListItem","position":2,"name":"Estad\u00edstica Provincial"}]}]}},"_links":{"self":[{"href":"https:\/\/sial.minam.gob.pe\/cajabamba\/wp-json\/wp\/v2\/pages\/4074"}],"collection":[{"href":"https:\/\/sial.minam.gob.pe\/cajabamba\/wp-json\/wp\/v2\/pages"}],"about":[{"href":"https:\/\/sial.minam.gob.pe\/cajabamba\/wp-json\/wp\/v2\/types\/page"}],"author":[{"embeddable":true,"href":"https:\/\/sial.minam.gob.pe\/cajabamba\/wp-json\/wp\/v2\/users\/1"}],"replies":[{"embeddable":true,"href":"https:\/\/sial.minam.gob.pe\/cajabamba\/wp-json\/wp\/v2\/comments?post=4074"}],"version-history":[{"count":13,"href":"https:\/\/sial.minam.gob.pe\/cajabamba\/wp-json\/wp\/v2\/pages\/4074\/revisions"}],"predecessor-version":[{"id":4237,"href":"https:\/\/sial.minam.gob.pe\/cajabamba\/wp-json\/wp\/v2\/pages\/4074\/revisions\/4237"}],"wp:attachment":[{"href":"https:\/\/sial.minam.gob.pe\/cajabamba\/wp-json\/wp\/v2\/media?parent=4074"}],"curies":[{"name":"wp","href":"https:\/\/api.w.org\/{rel}","templated":true}]}}